{"id":21,"date":"2014-12-12T08:48:35","date_gmt":"2014-12-12T08:48:35","guid":{"rendered":"http:\/\/roovers-rioolreiniging.nl\/?page_id=21"},"modified":"2015-02-05T09:00:43","modified_gmt":"2015-02-05T09:00:43","slug":"unsere-leistungen","status":"publish","type":"page","link":"https:\/\/www.roovers-rioolreiniging.nl\/de\/unsere-leistungen\/","title":{"rendered":"Unsere leistungen"},"content":{"rendered":"\t<div class=\"vc_row wpb_row vc_row-fluid\"  >\n\t<div class=\"vc_col-sm-8 wpb_column vc_column_container \">\n\t\t<div class=\"wpb_wrapper\">\n\t\t\t\n\t<div class=\"wpb_text_column wpb_content_element \">\n\t\t<div class=\"wpb_wrapper\">\n\t\t\t<p>Alle Rohr- u. Kanalleitungen, die regelm\u00e4\u00dfig gebraucht werden, verstopfen irgendwann einmal. Das ist darauf zur\u00fcckzuf\u00fchren, dass die Fl\u00fcssigkeiten, die durch die Leitungen abgef\u00fchrt werden, Feststoffe enthalten, die sich an der Rohrinnenwand ablagern. Bei diesen Ablagerungen handelt es sich um Kalk, Fettreste, Urinstein und Seifenreste. Sie verkleinern den Rohrdurchmesser. Haare, Textilfasern, Toilettenpapier etc. sorgen letztendlich daf\u00fcr, dass irgendwann eine Verstopfung auftritt. Viele Leute benutzen dann einen Rohrreiniger, aber der arbeitet nicht vollkommen, sondern vergr\u00f6\u00dfert das Problem eventuell sogar noch. Viele Rohrreiniger kristallisieren in der Leitung. Dadurch entsteht eine harte Masse. Rohr- und Kanalreinigungsarbeiten sind ein spezieller Zweig des Klempner- u. Installateurberufs.<\/p>\n<h2>F\u00fcr jede Verstopfung eine L\u00f6sung<\/h2>\n<p>Roovers Rioolreiniging hat f\u00fcr jede Verstopfung eine L\u00f6sung, und zwar schnell und wirksam, wie hartn\u00e4ckig die Verstopfung auch sein mag. Wir haben die Kenntnis und Erfahrung, um eine Verstopfung schnell zu finden und zu beseitigen und setzen stets allerneuste Technik und Ger\u00e4te ein. Unsere Servicewagen sind standardm\u00e4\u00dfig damit ausger\u00fcstet.<\/p>\n<p>Weiterhin f\u00fchrt Roovers Rioolreiniging folgende Arbeiten durch:<\/p>\n<ul>\n<li>Pr\u00fcfungen mit TV-Kamera\/Rohr- u. Kanalpr\u00fcfungen: Untersuchung von Rohrleitungen zur Kontrolle mit einer Kamera vom Rohrinnern aus.<\/li>\n<li>Dampftests oder Lecksuche: Dichtheitspr\u00fcfung von Rohrleitungen durch Einblasen von Dampf in die Leitungen.<\/li>\n<li>Rohrverlegung: notwendiger Austausch oder Reparatur von Rohrleitungen oder Verlegung der Leitungen bei Renovierungsarbeiten.<\/li>\n<li>Pflasterarbeiten: Neuverlegung von vorhandener Pflasterung nach Wiederherstellungsarbeiten an Rohr- und Kanalleitungen oder kompletter Austausch der Pflasterung.<\/li>\n<\/ul>\n<p>Erdarbeiten werden unter unserer Verantwortung ausgef\u00fchrt. Wir sind die richtige Adresse f\u00fcr Sie, nicht allein f\u00fcr Verstopfungen, sondern auch f\u00fcr Reparaturen und Wiederherstellungsarbeiten an Ihren Rohrleitungen, die von uns fachkundig ausgef\u00fchrt werden. Auf Wunsch beraten wir Sie auch gerne, um diese Probleme in der Zukunft zu vermeiden.<\/p>\n<p>Unser Einsatzgebiet liegt vor allem in S\u00fcdlimburg und reicht von Susteren bis Geleen, Sittard bis Brunssum, Landgraaf bis Kerkrade, Heerlen bis Valkenburg, Epen bis Maastricht und alle umliegenden Gebiete. F\u00fcr alle Rohr- u. Kanalprobleme, Rohr- und Kanalleitungsarbeiten in Limburg sind Sie bei uns an der richtigen Adresse. Wir haben nun unser Einsatzgebiet auf Deutschland erweitert, und zwar auf das gesamte Gebiet der Stadt Aachen, den n\u00f6rdlichen Kreis Aachen-Land und den Kreis Heinsberg. Zu unseren Kunden geh\u00f6ren:<\/p>\n<p>Wohnungsbaugesellschaften, Kleinindustrie, Bungalowanlagen, Privath\u00e4user, Neubauten, Immobilienverwaltungen, Versorgungseinrichtungen und viele andere mehr.<\/p>\n\n\t\t<\/div> \n\t<\/div> \n\t\t<\/div> \n\t<\/div> \n\n\t<div class=\"vc_col-sm-4 wpb_column vc_column_container \">\n\t\t<div class=\"wpb_wrapper\">\n\t\t\t\n\t<div class=\"wpb_text_column wpb_content_element \">\n\t\t<div class=\"wpb_wrapper\">\n\t\t\t<h3>Unsere Leistungen<\/h3>\n<ul>\n<li><a title=\"Problemen mit Rohr- und Kanalleitungen\" href=\"http:\/\/roovers-rioolreiniging.nl\/de\/unsere-leistungen\/rohr-und-kanalleitungen\/\">Problemen mit Rohr- und Kanalleitungen<\/a><\/li>\n<li><a title=\"TV-Pr\u00fcfungen\" href=\"http:\/\/roovers-rioolreiniging.nl\/de\/unsere-leistungen\/tv-prufungen\/\">TV-Pr\u00fcfungen<\/a><\/li>\n<li><a title=\"Verstopfungen\" href=\"http:\/\/roovers-rioolreiniging.nl\/de\/unsere-leistungen\/verstopfungen\/\">Verstopfungen<\/a><\/li>\n<li><a title=\"Pflasterarbeiten\" href=\"http:\/\/roovers-rioolreiniging.nl\/de\/unsere-leistungen\/pflasterarbeiten\/\">Pflasterarbeiten<\/a><\/li>\n<li><a title=\"Reparaturen \/ Renovierungsarbeiten\" href=\"http:\/\/roovers-rioolreiniging.nl\/de\/unsere-leistungen\/reparaturen-renovierungsarbeiten\/\">Reparaturen \/ Renovierungsarbeiten<\/a><\/li>\n<li><a title=\"Kanalverstopfungen \u2013 Rattenbefall\" href=\"http:\/\/roovers-rioolreiniging.nl\/de\/unsere-leistungen\/rattenbefall\/\">Kanalverstopfungen \u2013 Rattenbefall<\/a><\/li>\n<li><a title=\"Durchf\u00fchrung von Dampftests\" href=\"http:\/\/roovers-rioolreiniging.nl\/de\/unsere-leistungen\/durchfuhrung-von-dampftests\/\">Durchf\u00fchrung von Dampftests<\/a><\/li>\n<li><a title=\"Suche\" href=\"http:\/\/roovers-rioolreiniging.nl\/de\/unsere-leistungen\/suche\/\">Suche<\/a><\/li>\n<\/ul>\n\n\t\t<\/div> \n\t<\/div> \n\t<div class=\"wpb_text_column wpb_content_element \">\n\t\t<div class=\"wpb_wrapper\">\n\t\t\t<p><img decoding=\"async\" class=\"alignnone size-large wp-image-128\" src=\"http:\/\/roovers-rioolreiniging.nl\/de\/wp-content\/uploads\/2015\/01\/IMG_4544-1024x683.jpg\" alt=\"Wat we doen\" width=\"100%\" height=\"100%\" srcset=\"https:\/\/www.roovers-rioolreiniging.nl\/de\/wp-content\/uploads\/2015\/01\/IMG_4544-1024x683.jpg 1024w, https:\/\/www.roovers-rioolreiniging.nl\/de\/wp-content\/uploads\/2015\/01\/IMG_4544-300x200.jpg 300w\" sizes=\"(max-width: 1024px) 100vw, 1024px\" \/><\/p>\n\n\t\t<\/div> \n\t<\/div> \n\t<div class=\"wpb_text_column wpb_content_element \">\n\t\t<div class=\"wpb_wrapper\">\n\t\t\t<p><img decoding=\"async\" class=\"alignnone size-full wp-image-111\" src=\"http:\/\/roovers-rioolreiniging.nl\/de\/wp-content\/uploads\/2014\/12\/foto_6_11.jpg\" alt=\"Riolering opgegraven\" width=\"100%\" height=\"&quot;100%\" srcset=\"https:\/\/www.roovers-rioolreiniging.nl\/de\/wp-content\/uploads\/2014\/12\/foto_6_11.jpg 450w, https:\/\/www.roovers-rioolreiniging.nl\/de\/wp-content\/uploads\/2014\/12\/foto_6_11-225x300.jpg 225w\" sizes=\"(max-width: 450px) 100vw, 450px\" \/><\/p>\n\n\t\t<\/div> \n\t<\/div> \n\t\t<\/div> \n\t<\/div> \n<\/div><div class=\"vc_row-full-width\"><\/div>\n","protected":false},"excerpt":{"rendered":"Alle Rohr- u. Kanalleitungen, die regelm\u00e4\u00dfig gebraucht werden, verstopfen irgendwann einmal. Das ist darauf zur\u00fcckzuf\u00fchren, dass die Fl\u00fcssigkeiten, die durch die Leitungen abgef\u00fchrt werden, Feststoffe enthalten, die sich an der Rohrinnenwand ablagern. Bei diesen Ablagerungen handelt es sich um Kalk, Fettreste, Urinstein und Seifenreste. Sie verkleinern den Rohrdurchmesser. Haare, Textilfasern, Toilettenpapier etc. sorgen letztendlich daf\u00fcr, [...]","protected":false},"author":2,"featured_media":0,"parent":0,"menu_order":0,"comment_status":"open","ping_status":"open","template":"","meta":{"footnotes":""},"class_list":["post-21","page","type-page","status-publish","hentry"],"yoast_head":"<!-- This site is optimized with the Yoast SEO plugin v26.8 - https:\/\/yoast.com\/product\/yoast-seo-wordpress\/ -->\n<title>Unsere leistungen - Roovers Rioolreiniging (DE)<\/title>\n<meta name=\"robots\" content=\"index, follow, max-snippet:-1, max-image-preview:large, max-video-preview:-1\" \/>\n<link rel=\"canonical\" href=\"https:\/\/www.roovers-rioolreiniging.nl\/de\/unsere-leistungen\/\" \/>\n<meta property=\"og:locale\" content=\"nl_NL\" \/>\n<meta property=\"og:type\" content=\"article\" \/>\n<meta property=\"og:title\" content=\"Unsere leistungen - Roovers Rioolreiniging (DE)\" \/>\n<meta property=\"og:url\" content=\"https:\/\/www.roovers-rioolreiniging.nl\/de\/unsere-leistungen\/\" \/>\n<meta property=\"og:site_name\" content=\"Roovers Rioolreiniging (DE)\" \/>\n<meta property=\"article:modified_time\" content=\"2015-02-05T09:00:43+00:00\" \/>\n<meta property=\"og:image\" content=\"http:\/\/roovers-rioolreiniging.nl\/de\/wp-content\/uploads\/2015\/01\/IMG_4544-1024x683.jpg\" \/>\n<meta name=\"twitter:label1\" content=\"Geschatte leestijd\" \/>\n\t<meta name=\"twitter:data1\" content=\"2 minuten\" \/>\n<script type=\"application\/ld+json\" class=\"yoast-schema-graph\">{\"@context\":\"https:\/\/schema.org\",\"@graph\":[{\"@type\":\"WebPage\",\"@id\":\"https:\/\/www.roovers-rioolreiniging.nl\/de\/unsere-leistungen\/\",\"url\":\"https:\/\/www.roovers-rioolreiniging.nl\/de\/unsere-leistungen\/\",\"name\":\"Unsere leistungen - Roovers Rioolreiniging (DE)\",\"isPartOf\":{\"@id\":\"https:\/\/www.roovers-rioolreiniging.nl\/de\/#website\"},\"primaryImageOfPage\":{\"@id\":\"https:\/\/www.roovers-rioolreiniging.nl\/de\/unsere-leistungen\/#primaryimage\"},\"image\":{\"@id\":\"https:\/\/www.roovers-rioolreiniging.nl\/de\/unsere-leistungen\/#primaryimage\"},\"thumbnailUrl\":\"http:\/\/roovers-rioolreiniging.nl\/de\/wp-content\/uploads\/2015\/01\/IMG_4544-1024x683.jpg\",\"datePublished\":\"2014-12-12T08:48:35+00:00\",\"dateModified\":\"2015-02-05T09:00:43+00:00\",\"breadcrumb\":{\"@id\":\"https:\/\/www.roovers-rioolreiniging.nl\/de\/unsere-leistungen\/#breadcrumb\"},\"inLanguage\":\"nl-NL\",\"potentialAction\":[{\"@type\":\"ReadAction\",\"target\":[\"https:\/\/www.roovers-rioolreiniging.nl\/de\/unsere-leistungen\/\"]}]},{\"@type\":\"ImageObject\",\"inLanguage\":\"nl-NL\",\"@id\":\"https:\/\/www.roovers-rioolreiniging.nl\/de\/unsere-leistungen\/#primaryimage\",\"url\":\"http:\/\/roovers-rioolreiniging.nl\/de\/wp-content\/uploads\/2015\/01\/IMG_4544-1024x683.jpg\",\"contentUrl\":\"http:\/\/roovers-rioolreiniging.nl\/de\/wp-content\/uploads\/2015\/01\/IMG_4544-1024x683.jpg\"},{\"@type\":\"BreadcrumbList\",\"@id\":\"https:\/\/www.roovers-rioolreiniging.nl\/de\/unsere-leistungen\/#breadcrumb\",\"itemListElement\":[{\"@type\":\"ListItem\",\"position\":1,\"name\":\"Home\",\"item\":\"https:\/\/www.roovers-rioolreiniging.nl\/de\/\"},{\"@type\":\"ListItem\",\"position\":2,\"name\":\"Unsere leistungen\"}]},{\"@type\":\"WebSite\",\"@id\":\"https:\/\/www.roovers-rioolreiniging.nl\/de\/#website\",\"url\":\"https:\/\/www.roovers-rioolreiniging.nl\/de\/\",\"name\":\"Roovers Rioolreiniging (DE)\",\"description\":\"Kanalarbeiten\",\"potentialAction\":[{\"@type\":\"SearchAction\",\"target\":{\"@type\":\"EntryPoint\",\"urlTemplate\":\"https:\/\/www.roovers-rioolreiniging.nl\/de\/?s={search_term_string}\"},\"query-input\":{\"@type\":\"PropertyValueSpecification\",\"valueRequired\":true,\"valueName\":\"search_term_string\"}}],\"inLanguage\":\"nl-NL\"}]}<\/script>\n<!-- \/ Yoast SEO plugin. -->","yoast_head_json":{"title":"Unsere leistungen - Roovers Rioolreiniging (DE)","robots":{"index":"index","follow":"follow","max-snippet":"max-snippet:-1","max-image-preview":"max-image-preview:large","max-video-preview":"max-video-preview:-1"},"canonical":"https:\/\/www.roovers-rioolreiniging.nl\/de\/unsere-leistungen\/","og_locale":"nl_NL","og_type":"article","og_title":"Unsere leistungen - Roovers Rioolreiniging (DE)","og_url":"https:\/\/www.roovers-rioolreiniging.nl\/de\/unsere-leistungen\/","og_site_name":"Roovers Rioolreiniging (DE)","article_modified_time":"2015-02-05T09:00:43+00:00","og_image":[{"url":"http:\/\/roovers-rioolreiniging.nl\/de\/wp-content\/uploads\/2015\/01\/IMG_4544-1024x683.jpg","type":"","width":"","height":""}],"twitter_misc":{"Geschatte leestijd":"2 minuten"},"schema":{"@context":"https:\/\/schema.org","@graph":[{"@type":"WebPage","@id":"https:\/\/www.roovers-rioolreiniging.nl\/de\/unsere-leistungen\/","url":"https:\/\/www.roovers-rioolreiniging.nl\/de\/unsere-leistungen\/","name":"Unsere leistungen - Roovers Rioolreiniging (DE)","isPartOf":{"@id":"https:\/\/www.roovers-rioolreiniging.nl\/de\/#website"},"primaryImageOfPage":{"@id":"https:\/\/www.roovers-rioolreiniging.nl\/de\/unsere-leistungen\/#primaryimage"},"image":{"@id":"https:\/\/www.roovers-rioolreiniging.nl\/de\/unsere-leistungen\/#primaryimage"},"thumbnailUrl":"http:\/\/roovers-rioolreiniging.nl\/de\/wp-content\/uploads\/2015\/01\/IMG_4544-1024x683.jpg","datePublished":"2014-12-12T08:48:35+00:00","dateModified":"2015-02-05T09:00:43+00:00","breadcrumb":{"@id":"https:\/\/www.roovers-rioolreiniging.nl\/de\/unsere-leistungen\/#breadcrumb"},"inLanguage":"nl-NL","potentialAction":[{"@type":"ReadAction","target":["https:\/\/www.roovers-rioolreiniging.nl\/de\/unsere-leistungen\/"]}]},{"@type":"ImageObject","inLanguage":"nl-NL","@id":"https:\/\/www.roovers-rioolreiniging.nl\/de\/unsere-leistungen\/#primaryimage","url":"http:\/\/roovers-rioolreiniging.nl\/de\/wp-content\/uploads\/2015\/01\/IMG_4544-1024x683.jpg","contentUrl":"http:\/\/roovers-rioolreiniging.nl\/de\/wp-content\/uploads\/2015\/01\/IMG_4544-1024x683.jpg"},{"@type":"BreadcrumbList","@id":"https:\/\/www.roovers-rioolreiniging.nl\/de\/unsere-leistungen\/#breadcrumb","itemListElement":[{"@type":"ListItem","position":1,"name":"Home","item":"https:\/\/www.roovers-rioolreiniging.nl\/de\/"},{"@type":"ListItem","position":2,"name":"Unsere leistungen"}]},{"@type":"WebSite","@id":"https:\/\/www.roovers-rioolreiniging.nl\/de\/#website","url":"https:\/\/www.roovers-rioolreiniging.nl\/de\/","name":"Roovers Rioolreiniging (DE)","description":"Kanalarbeiten","potentialAction":[{"@type":"SearchAction","target":{"@type":"EntryPoint","urlTemplate":"https:\/\/www.roovers-rioolreiniging.nl\/de\/?s={search_term_string}"},"query-input":{"@type":"PropertyValueSpecification","valueRequired":true,"valueName":"search_term_string"}}],"inLanguage":"nl-NL"}]}},"_links":{"self":[{"href":"https:\/\/www.roovers-rioolreiniging.nl\/de\/wp-json\/wp\/v2\/pages\/21","targetHints":{"allow":["GET"]}}],"collection":[{"href":"https:\/\/www.roovers-rioolreiniging.nl\/de\/wp-json\/wp\/v2\/pages"}],"about":[{"href":"https:\/\/www.roovers-rioolreiniging.nl\/de\/wp-json\/wp\/v2\/types\/page"}],"author":[{"embeddable":true,"href":"https:\/\/www.roovers-rioolreiniging.nl\/de\/wp-json\/wp\/v2\/users\/2"}],"replies":[{"embeddable":true,"href":"https:\/\/www.roovers-rioolreiniging.nl\/de\/wp-json\/wp\/v2\/comments?post=21"}],"version-history":[{"count":10,"href":"https:\/\/www.roovers-rioolreiniging.nl\/de\/wp-json\/wp\/v2\/pages\/21\/revisions"}],"predecessor-version":[{"id":416,"href":"https:\/\/www.roovers-rioolreiniging.nl\/de\/wp-json\/wp\/v2\/pages\/21\/revisions\/416"}],"wp:attachment":[{"href":"https:\/\/www.roovers-rioolreiniging.nl\/de\/wp-json\/wp\/v2\/media?parent=21"}],"curies":[{"name":"wp","href":"https:\/\/api.w.org\/{rel}","templated":true}]}}