{"id":23,"date":"2014-12-12T08:49:00","date_gmt":"2014-12-12T08:49:00","guid":{"rendered":"http:\/\/roovers-rioolreiniging.nl\/?page_id=23"},"modified":"2015-02-04T11:54:03","modified_gmt":"2015-02-04T11:54:03","slug":"verstopfungen","status":"publish","type":"page","link":"https:\/\/www.roovers-rioolreiniging.nl\/de\/unsere-leistungen\/verstopfungen\/","title":{"rendered":"Verstopfungen"},"content":{"rendered":"\t<div class=\"vc_row wpb_row vc_row-fluid\"  >\n\t<div class=\"vc_col-sm-8 wpb_column vc_column_container \">\n\t\t<div class=\"wpb_wrapper\">\n\t\t\t\n\t<div class=\"wpb_text_column wpb_content_element \">\n\t\t<div class=\"wpb_wrapper\">\n\t\t\t<p>Verstopfungen k\u00f6nnen mechanisch bzw. mit Hochdruckger\u00e4ten gel\u00f6st werden. Mit Hochdruck entfernen wir allen \u201cUnrat\u201d aus der Leitung. Mit speziellen elektromechanischen Ger\u00e4ten, wie z.B. sogenannten \u201cSpiralen\u201d, fr\u00e4sen wir alle Ablagerungen aus der Leitung. Alle Verstopfungen, beginnend im kleinsten Abfluss bis hin zu den gr\u00f6\u00dften Standleitungen und Abwassersystemen in Stra\u00dfen, reinigen wir auf diese Weise. Effizient, effektiv und definitiv. Das Durchsp\u00fclen von Drainagen und Leerpumpen vollgelaufener Keller geh\u00f6ren weiterhin zu unseren Arbeiten.<\/p>\n\n\t\t<\/div> \n\t<\/div> \n\t\t<\/div> \n\t<\/div> \n\n\t<div class=\"vc_col-sm-4 wpb_column vc_column_container \">\n\t\t<div class=\"wpb_wrapper\">\n\t\t\t\n\t<div class=\"wpb_text_column wpb_content_element \">\n\t\t<div class=\"wpb_wrapper\">\n\t\t\t<p><img decoding=\"async\" class=\"alignnone size-full wp-image-272\" src=\"http:\/\/roovers-rioolreiniging.nl\/de\/wp-content\/uploads\/2015\/01\/putdeksel.jpg\" alt=\"Verstopfungen\" width=\"100%\" height=\"100%\" srcset=\"https:\/\/www.roovers-rioolreiniging.nl\/de\/wp-content\/uploads\/2015\/01\/putdeksel.jpg 790w, https:\/\/www.roovers-rioolreiniging.nl\/de\/wp-content\/uploads\/2015\/01\/putdeksel-300x201.jpg 300w\" sizes=\"(max-width: 790px) 100vw, 790px\" \/><\/p>\n\n\t\t<\/div> \n\t<\/div> \n\t\t<\/div> \n\t<\/div> \n<\/div><div class=\"vc_row-full-width\"><\/div>\n","protected":false},"excerpt":{"rendered":"Verstopfungen k\u00f6nnen mechanisch bzw. mit Hochdruckger\u00e4ten gel\u00f6st werden. Mit Hochdruck entfernen wir allen \u201cUnrat\u201d aus der Leitung. Mit speziellen elektromechanischen Ger\u00e4ten, wie z.B. sogenannten \u201cSpiralen\u201d, fr\u00e4sen wir alle Ablagerungen aus der Leitung. Alle Verstopfungen, beginnend im kleinsten Abfluss bis hin zu den gr\u00f6\u00dften Standleitungen und Abwassersystemen in Stra\u00dfen, reinigen wir auf diese Weise. Effizient, effektiv [...]","protected":false},"author":2,"featured_media":0,"parent":21,"menu_order":0,"comment_status":"open","ping_status":"open","template":"","meta":{"footnotes":""},"class_list":["post-23","page","type-page","status-publish","hentry"],"yoast_head":"<!-- This site is optimized with the Yoast SEO plugin v26.8 - https:\/\/yoast.com\/product\/yoast-seo-wordpress\/ -->\n<title>Verstopfungen - Roovers Rioolreiniging (DE)<\/title>\n<meta name=\"description\" content=\"Verstopfungen k\u00f6nnen mechanisch bzw. mit Hochdruckger\u00e4ten gel\u00f6st werden. Mit Hochdruck entfernen wir allen \u201cUnrat\u201d aus der Leitung.\" \/>\n<meta name=\"robots\" content=\"index, follow, max-snippet:-1, max-image-preview:large, max-video-preview:-1\" \/>\n<link rel=\"canonical\" href=\"http:\/\/www.roovers-rioolreiniging.nl\/de\/unsere-leistungen\/verstopfungen\/\" \/>\n<meta property=\"og:locale\" content=\"nl_NL\" \/>\n<meta property=\"og:type\" content=\"article\" \/>\n<meta property=\"og:title\" content=\"Verstopfungen - Roovers Rioolreiniging (DE)\" \/>\n<meta property=\"og:description\" content=\"Verstopfungen k\u00f6nnen mechanisch bzw. mit Hochdruckger\u00e4ten gel\u00f6st werden. Mit Hochdruck entfernen wir allen \u201cUnrat\u201d aus der Leitung.\" \/>\n<meta property=\"og:url\" content=\"http:\/\/www.roovers-rioolreiniging.nl\/de\/unsere-leistungen\/verstopfungen\/\" \/>\n<meta property=\"og:site_name\" content=\"Roovers Rioolreiniging (DE)\" \/>\n<meta property=\"article:modified_time\" content=\"2015-02-04T11:54:03+00:00\" \/>\n<meta property=\"og:image\" content=\"http:\/\/roovers-rioolreiniging.nl\/de\/wp-content\/uploads\/2015\/01\/putdeksel.jpg\" \/>\n<meta name=\"twitter:label1\" content=\"Geschatte leestijd\" \/>\n\t<meta name=\"twitter:data1\" content=\"1 minuut\" \/>\n<script type=\"application\/ld+json\" class=\"yoast-schema-graph\">{\"@context\":\"https:\/\/schema.org\",\"@graph\":[{\"@type\":\"WebPage\",\"@id\":\"http:\/\/www.roovers-rioolreiniging.nl\/de\/unsere-leistungen\/verstopfungen\/\",\"url\":\"http:\/\/www.roovers-rioolreiniging.nl\/de\/unsere-leistungen\/verstopfungen\/\",\"name\":\"Verstopfungen - Roovers Rioolreiniging (DE)\",\"isPartOf\":{\"@id\":\"https:\/\/www.roovers-rioolreiniging.nl\/de\/#website\"},\"primaryImageOfPage\":{\"@id\":\"http:\/\/www.roovers-rioolreiniging.nl\/de\/unsere-leistungen\/verstopfungen\/#primaryimage\"},\"image\":{\"@id\":\"http:\/\/www.roovers-rioolreiniging.nl\/de\/unsere-leistungen\/verstopfungen\/#primaryimage\"},\"thumbnailUrl\":\"http:\/\/roovers-rioolreiniging.nl\/de\/wp-content\/uploads\/2015\/01\/putdeksel.jpg\",\"datePublished\":\"2014-12-12T08:49:00+00:00\",\"dateModified\":\"2015-02-04T11:54:03+00:00\",\"description\":\"Verstopfungen k\u00f6nnen mechanisch bzw. mit Hochdruckger\u00e4ten gel\u00f6st werden. Mit Hochdruck entfernen wir allen \u201cUnrat\u201d aus der Leitung.\",\"breadcrumb\":{\"@id\":\"http:\/\/www.roovers-rioolreiniging.nl\/de\/unsere-leistungen\/verstopfungen\/#breadcrumb\"},\"inLanguage\":\"nl-NL\",\"potentialAction\":[{\"@type\":\"ReadAction\",\"target\":[\"http:\/\/www.roovers-rioolreiniging.nl\/de\/unsere-leistungen\/verstopfungen\/\"]}]},{\"@type\":\"ImageObject\",\"inLanguage\":\"nl-NL\",\"@id\":\"http:\/\/www.roovers-rioolreiniging.nl\/de\/unsere-leistungen\/verstopfungen\/#primaryimage\",\"url\":\"http:\/\/roovers-rioolreiniging.nl\/de\/wp-content\/uploads\/2015\/01\/putdeksel.jpg\",\"contentUrl\":\"http:\/\/roovers-rioolreiniging.nl\/de\/wp-content\/uploads\/2015\/01\/putdeksel.jpg\"},{\"@type\":\"BreadcrumbList\",\"@id\":\"http:\/\/www.roovers-rioolreiniging.nl\/de\/unsere-leistungen\/verstopfungen\/#breadcrumb\",\"itemListElement\":[{\"@type\":\"ListItem\",\"position\":1,\"name\":\"Home\",\"item\":\"https:\/\/www.roovers-rioolreiniging.nl\/de\/\"},{\"@type\":\"ListItem\",\"position\":2,\"name\":\"Unsere leistungen\",\"item\":\"https:\/\/www.roovers-rioolreiniging.nl\/de\/unsere-leistungen\/\"},{\"@type\":\"ListItem\",\"position\":3,\"name\":\"Verstopfungen\"}]},{\"@type\":\"WebSite\",\"@id\":\"https:\/\/www.roovers-rioolreiniging.nl\/de\/#website\",\"url\":\"https:\/\/www.roovers-rioolreiniging.nl\/de\/\",\"name\":\"Roovers Rioolreiniging (DE)\",\"description\":\"Kanalarbeiten\",\"potentialAction\":[{\"@type\":\"SearchAction\",\"target\":{\"@type\":\"EntryPoint\",\"urlTemplate\":\"https:\/\/www.roovers-rioolreiniging.nl\/de\/?s={search_term_string}\"},\"query-input\":{\"@type\":\"PropertyValueSpecification\",\"valueRequired\":true,\"valueName\":\"search_term_string\"}}],\"inLanguage\":\"nl-NL\"}]}<\/script>\n<!-- \/ Yoast SEO plugin. -->","yoast_head_json":{"title":"Verstopfungen - Roovers Rioolreiniging (DE)","description":"Verstopfungen k\u00f6nnen mechanisch bzw. mit Hochdruckger\u00e4ten gel\u00f6st werden. Mit Hochdruck entfernen wir allen \u201cUnrat\u201d aus der Leitung.","robots":{"index":"index","follow":"follow","max-snippet":"max-snippet:-1","max-image-preview":"max-image-preview:large","max-video-preview":"max-video-preview:-1"},"canonical":"http:\/\/www.roovers-rioolreiniging.nl\/de\/unsere-leistungen\/verstopfungen\/","og_locale":"nl_NL","og_type":"article","og_title":"Verstopfungen - Roovers Rioolreiniging (DE)","og_description":"Verstopfungen k\u00f6nnen mechanisch bzw. mit Hochdruckger\u00e4ten gel\u00f6st werden. Mit Hochdruck entfernen wir allen \u201cUnrat\u201d aus der Leitung.","og_url":"http:\/\/www.roovers-rioolreiniging.nl\/de\/unsere-leistungen\/verstopfungen\/","og_site_name":"Roovers Rioolreiniging (DE)","article_modified_time":"2015-02-04T11:54:03+00:00","og_image":[{"url":"http:\/\/roovers-rioolreiniging.nl\/de\/wp-content\/uploads\/2015\/01\/putdeksel.jpg","type":"","width":"","height":""}],"twitter_misc":{"Geschatte leestijd":"1 minuut"},"schema":{"@context":"https:\/\/schema.org","@graph":[{"@type":"WebPage","@id":"http:\/\/www.roovers-rioolreiniging.nl\/de\/unsere-leistungen\/verstopfungen\/","url":"http:\/\/www.roovers-rioolreiniging.nl\/de\/unsere-leistungen\/verstopfungen\/","name":"Verstopfungen - Roovers Rioolreiniging (DE)","isPartOf":{"@id":"https:\/\/www.roovers-rioolreiniging.nl\/de\/#website"},"primaryImageOfPage":{"@id":"http:\/\/www.roovers-rioolreiniging.nl\/de\/unsere-leistungen\/verstopfungen\/#primaryimage"},"image":{"@id":"http:\/\/www.roovers-rioolreiniging.nl\/de\/unsere-leistungen\/verstopfungen\/#primaryimage"},"thumbnailUrl":"http:\/\/roovers-rioolreiniging.nl\/de\/wp-content\/uploads\/2015\/01\/putdeksel.jpg","datePublished":"2014-12-12T08:49:00+00:00","dateModified":"2015-02-04T11:54:03+00:00","description":"Verstopfungen k\u00f6nnen mechanisch bzw. mit Hochdruckger\u00e4ten gel\u00f6st werden. Mit Hochdruck entfernen wir allen \u201cUnrat\u201d aus der Leitung.","breadcrumb":{"@id":"http:\/\/www.roovers-rioolreiniging.nl\/de\/unsere-leistungen\/verstopfungen\/#breadcrumb"},"inLanguage":"nl-NL","potentialAction":[{"@type":"ReadAction","target":["http:\/\/www.roovers-rioolreiniging.nl\/de\/unsere-leistungen\/verstopfungen\/"]}]},{"@type":"ImageObject","inLanguage":"nl-NL","@id":"http:\/\/www.roovers-rioolreiniging.nl\/de\/unsere-leistungen\/verstopfungen\/#primaryimage","url":"http:\/\/roovers-rioolreiniging.nl\/de\/wp-content\/uploads\/2015\/01\/putdeksel.jpg","contentUrl":"http:\/\/roovers-rioolreiniging.nl\/de\/wp-content\/uploads\/2015\/01\/putdeksel.jpg"},{"@type":"BreadcrumbList","@id":"http:\/\/www.roovers-rioolreiniging.nl\/de\/unsere-leistungen\/verstopfungen\/#breadcrumb","itemListElement":[{"@type":"ListItem","position":1,"name":"Home","item":"https:\/\/www.roovers-rioolreiniging.nl\/de\/"},{"@type":"ListItem","position":2,"name":"Unsere leistungen","item":"https:\/\/www.roovers-rioolreiniging.nl\/de\/unsere-leistungen\/"},{"@type":"ListItem","position":3,"name":"Verstopfungen"}]},{"@type":"WebSite","@id":"https:\/\/www.roovers-rioolreiniging.nl\/de\/#website","url":"https:\/\/www.roovers-rioolreiniging.nl\/de\/","name":"Roovers Rioolreiniging (DE)","description":"Kanalarbeiten","potentialAction":[{"@type":"SearchAction","target":{"@type":"EntryPoint","urlTemplate":"https:\/\/www.roovers-rioolreiniging.nl\/de\/?s={search_term_string}"},"query-input":{"@type":"PropertyValueSpecification","valueRequired":true,"valueName":"search_term_string"}}],"inLanguage":"nl-NL"}]}},"_links":{"self":[{"href":"https:\/\/www.roovers-rioolreiniging.nl\/de\/wp-json\/wp\/v2\/pages\/23","targetHints":{"allow":["GET"]}}],"collection":[{"href":"https:\/\/www.roovers-rioolreiniging.nl\/de\/wp-json\/wp\/v2\/pages"}],"about":[{"href":"https:\/\/www.roovers-rioolreiniging.nl\/de\/wp-json\/wp\/v2\/types\/page"}],"author":[{"embeddable":true,"href":"https:\/\/www.roovers-rioolreiniging.nl\/de\/wp-json\/wp\/v2\/users\/2"}],"replies":[{"embeddable":true,"href":"https:\/\/www.roovers-rioolreiniging.nl\/de\/wp-json\/wp\/v2\/comments?post=23"}],"version-history":[{"count":4,"href":"https:\/\/www.roovers-rioolreiniging.nl\/de\/wp-json\/wp\/v2\/pages\/23\/revisions"}],"predecessor-version":[{"id":381,"href":"https:\/\/www.roovers-rioolreiniging.nl\/de\/wp-json\/wp\/v2\/pages\/23\/revisions\/381"}],"up":[{"embeddable":true,"href":"https:\/\/www.roovers-rioolreiniging.nl\/de\/wp-json\/wp\/v2\/pages\/21"}],"wp:attachment":[{"href":"https:\/\/www.roovers-rioolreiniging.nl\/de\/wp-json\/wp\/v2\/media?parent=23"}],"curies":[{"name":"wp","href":"https:\/\/api.w.org\/{rel}","templated":true}]}}