{"id":25,"date":"2014-12-12T08:49:11","date_gmt":"2014-12-12T08:49:11","guid":{"rendered":"http:\/\/roovers-rioolreiniging.nl\/?page_id=25"},"modified":"2015-02-04T13:41:20","modified_gmt":"2015-02-04T13:41:20","slug":"rattenbefall","status":"publish","type":"page","link":"https:\/\/www.roovers-rioolreiniging.nl\/de\/unsere-leistungen\/rattenbefall\/","title":{"rendered":"Kanalverstopfungen &#8211; Rattenbefall"},"content":{"rendered":"<div class=\"vc_row wpb_row vc_row-fluid\"  >\n\t<div class=\"vc_col-sm-6 wpb_column vc_column_container \">\n\t\t<div class=\"wpb_wrapper\">\n\t\t\t\n\t<div class=\"wpb_text_column wpb_content_element \">\n\t\t<div class=\"wpb_wrapper\">\n\t\t\t<p>Roovers Rioolreiniging (Roovers Rohr- und Kanalreinigung) ist ein kleiner, flexibler Betrieb, der in S\u00fcdlimburg auf dem Rohr- und Kanalreinigungssektor, dem Gebiet von Pflasterarbeiten und Maurerarbeiten aktiv und innovativ t\u00e4tig ist. Wir blicken auf mehr als 25 erfolgreiche Jahre Berufserfahrung zur\u00fcck mit praktischen Kenntnissen, die wir im Einsatz erlangt haben. Also sind wir mit allen Aspekten von u.a. Rohr- u. Kanalverstopfungen, Verstopfungen in K\u00fcchen, Toiletten, Duschen \/ B\u00e4dern, Abl\u00e4ufen vertraut, kurz gesagt mit allen verstopften Abfl\u00fcssen und Wartungsproblemen im gesamten Hausbereich, wie z.B. Rohr- und Kanall\u00fcftung und anderen Problemen wie starke Geruchsbildung, Rattenbefall und allen Rohr- u.<\/p>\n\n\t\t<\/div> \n\t<\/div> \n\t\t<\/div> \n\t<\/div> \n\n\t<div class=\"vc_col-sm-6 wpb_column vc_column_container \">\n\t\t<div class=\"wpb_wrapper\">\n\t\t\t\n\t<div class=\"wpb_text_column wpb_content_element \">\n\t\t<div class=\"wpb_wrapper\">\n\t\t\t<p><img decoding=\"async\" class=\"alignnone size-full wp-image-291\" src=\"http:\/\/roovers-rioolreiniging.nl\/de\/wp-content\/uploads\/2015\/01\/rat-riool.jpg\" alt=\"Rattenbefall\" width=\"100%\" height=\"100%\" srcset=\"https:\/\/www.roovers-rioolreiniging.nl\/de\/wp-content\/uploads\/2015\/01\/rat-riool.jpg 387w, https:\/\/www.roovers-rioolreiniging.nl\/de\/wp-content\/uploads\/2015\/01\/rat-riool-150x150.jpg 150w, https:\/\/www.roovers-rioolreiniging.nl\/de\/wp-content\/uploads\/2015\/01\/rat-riool-300x300.jpg 300w\" sizes=\"(max-width: 387px) 100vw, 387px\" \/><\/p>\n\n\t\t<\/div> \n\t<\/div> \n\t\t<\/div> \n\t<\/div> \n<\/div><div class=\"vc_row-full-width\"><\/div>\t<div class=\"vc_row wpb_row vc_row-fluid\"  >\n\t<div class=\"vc_col-sm-12 wpb_column vc_column_container \">\n\t\t<div class=\"wpb_wrapper\">\n\t\t\t\n\t<div class=\"wpb_text_column wpb_content_element \">\n\t\t<div class=\"wpb_wrapper\">\n\t\t\t<p>Kanalprobleme, die einer gr\u00fcndlicheren Untersuchung bed\u00fcrfen. Ebenso vertraut sind wir mit Pflaster- und Maurerarbeiten. Im Verlaufe der Jahre haben wir uns als zuverl\u00e4ssige und vertraute Ansprechpartner f\u00fcr all diese Arbeiten bewiesen. Unsere fachkundigen Monteure sind VCA-zertifiziert (VCA entspricht der deutschen SGU-[Sicherheit \u2013 Gesundheit \u2013 Umwelt] Zertifizierung). Wir bieten Rund-um-die-Uhr-Service f\u00fcr Rohr- und Kanalverstopfungen, an Wochenenden bei Notf\u00e4llen. Wir haben unseren Firmensitz in Landgraaf und sind ein Begriff im ganzen Gebiet von Parkstad Limburg.<\/p>\n\n\t\t<\/div> \n\t<\/div> \n\t\t<\/div> \n\t<\/div> \n<\/div><div class=\"vc_row-full-width\"><\/div>\n","protected":false},"excerpt":{"rendered":"Roovers Rioolreiniging (Roovers Rohr- und Kanalreinigung) ist ein kleiner, flexibler Betrieb, der in S\u00fcdlimburg auf dem Rohr- und Kanalreinigungssektor, dem Gebiet von Pflasterarbeiten und Maurerarbeiten aktiv und innovativ t\u00e4tig ist. Wir blicken auf mehr als 25 erfolgreiche Jahre Berufserfahrung zur\u00fcck mit praktischen Kenntnissen, die wir im Einsatz erlangt haben. Also sind wir mit allen Aspekten [...]","protected":false},"author":2,"featured_media":0,"parent":21,"menu_order":0,"comment_status":"open","ping_status":"open","template":"","meta":{"footnotes":""},"class_list":["post-25","page","type-page","status-publish","hentry"],"yoast_head":"<!-- This site is optimized with the Yoast SEO plugin v26.8 - https:\/\/yoast.com\/product\/yoast-seo-wordpress\/ -->\n<title>Kanalverstopfungen - Rattenbefall - Roovers Rioolreiniging (DE)<\/title>\n<meta name=\"description\" content=\"Roovers Rioolreiniging (Roovers Rohr- und Kanalreinigung) ist ein kleiner, flexibler Betrieb, der in S\u00fcdlimburg auf dem Rohr- und Kanalreinigungssektor\" \/>\n<meta name=\"robots\" content=\"index, follow, max-snippet:-1, max-image-preview:large, max-video-preview:-1\" \/>\n<link rel=\"canonical\" href=\"https:\/\/www.roovers-rioolreiniging.nl\/de\/unsere-leistungen\/rattenbefall\/\" \/>\n<meta property=\"og:locale\" content=\"nl_NL\" \/>\n<meta property=\"og:type\" content=\"article\" \/>\n<meta property=\"og:title\" content=\"Kanalverstopfungen - Rattenbefall - Roovers Rioolreiniging (DE)\" \/>\n<meta property=\"og:description\" content=\"Roovers Rioolreiniging (Roovers Rohr- und Kanalreinigung) ist ein kleiner, flexibler Betrieb, der in S\u00fcdlimburg auf dem Rohr- und Kanalreinigungssektor\" \/>\n<meta property=\"og:url\" content=\"https:\/\/www.roovers-rioolreiniging.nl\/de\/unsere-leistungen\/rattenbefall\/\" \/>\n<meta property=\"og:site_name\" content=\"Roovers Rioolreiniging (DE)\" \/>\n<meta property=\"article:modified_time\" content=\"2015-02-04T13:41:20+00:00\" \/>\n<meta property=\"og:image\" content=\"http:\/\/roovers-rioolreiniging.nl\/de\/wp-content\/uploads\/2015\/01\/rat-riool.jpg\" \/>\n<meta name=\"twitter:label1\" content=\"Geschatte leestijd\" \/>\n\t<meta name=\"twitter:data1\" content=\"1 minuut\" \/>\n<script type=\"application\/ld+json\" class=\"yoast-schema-graph\">{\"@context\":\"https:\/\/schema.org\",\"@graph\":[{\"@type\":\"WebPage\",\"@id\":\"https:\/\/www.roovers-rioolreiniging.nl\/de\/unsere-leistungen\/rattenbefall\/\",\"url\":\"https:\/\/www.roovers-rioolreiniging.nl\/de\/unsere-leistungen\/rattenbefall\/\",\"name\":\"Kanalverstopfungen - Rattenbefall - Roovers Rioolreiniging (DE)\",\"isPartOf\":{\"@id\":\"https:\/\/www.roovers-rioolreiniging.nl\/de\/#website\"},\"primaryImageOfPage\":{\"@id\":\"https:\/\/www.roovers-rioolreiniging.nl\/de\/unsere-leistungen\/rattenbefall\/#primaryimage\"},\"image\":{\"@id\":\"https:\/\/www.roovers-rioolreiniging.nl\/de\/unsere-leistungen\/rattenbefall\/#primaryimage\"},\"thumbnailUrl\":\"http:\/\/roovers-rioolreiniging.nl\/de\/wp-content\/uploads\/2015\/01\/rat-riool.jpg\",\"datePublished\":\"2014-12-12T08:49:11+00:00\",\"dateModified\":\"2015-02-04T13:41:20+00:00\",\"description\":\"Roovers Rioolreiniging (Roovers Rohr- und Kanalreinigung) ist ein kleiner, flexibler Betrieb, der in S\u00fcdlimburg auf dem Rohr- und Kanalreinigungssektor\",\"breadcrumb\":{\"@id\":\"https:\/\/www.roovers-rioolreiniging.nl\/de\/unsere-leistungen\/rattenbefall\/#breadcrumb\"},\"inLanguage\":\"nl-NL\",\"potentialAction\":[{\"@type\":\"ReadAction\",\"target\":[\"https:\/\/www.roovers-rioolreiniging.nl\/de\/unsere-leistungen\/rattenbefall\/\"]}]},{\"@type\":\"ImageObject\",\"inLanguage\":\"nl-NL\",\"@id\":\"https:\/\/www.roovers-rioolreiniging.nl\/de\/unsere-leistungen\/rattenbefall\/#primaryimage\",\"url\":\"http:\/\/roovers-rioolreiniging.nl\/de\/wp-content\/uploads\/2015\/01\/rat-riool.jpg\",\"contentUrl\":\"http:\/\/roovers-rioolreiniging.nl\/de\/wp-content\/uploads\/2015\/01\/rat-riool.jpg\"},{\"@type\":\"BreadcrumbList\",\"@id\":\"https:\/\/www.roovers-rioolreiniging.nl\/de\/unsere-leistungen\/rattenbefall\/#breadcrumb\",\"itemListElement\":[{\"@type\":\"ListItem\",\"position\":1,\"name\":\"Home\",\"item\":\"https:\/\/www.roovers-rioolreiniging.nl\/de\/\"},{\"@type\":\"ListItem\",\"position\":2,\"name\":\"Unsere leistungen\",\"item\":\"https:\/\/www.roovers-rioolreiniging.nl\/de\/unsere-leistungen\/\"},{\"@type\":\"ListItem\",\"position\":3,\"name\":\"Kanalverstopfungen &#8211; Rattenbefall\"}]},{\"@type\":\"WebSite\",\"@id\":\"https:\/\/www.roovers-rioolreiniging.nl\/de\/#website\",\"url\":\"https:\/\/www.roovers-rioolreiniging.nl\/de\/\",\"name\":\"Roovers Rioolreiniging (DE)\",\"description\":\"Kanalarbeiten\",\"potentialAction\":[{\"@type\":\"SearchAction\",\"target\":{\"@type\":\"EntryPoint\",\"urlTemplate\":\"https:\/\/www.roovers-rioolreiniging.nl\/de\/?s={search_term_string}\"},\"query-input\":{\"@type\":\"PropertyValueSpecification\",\"valueRequired\":true,\"valueName\":\"search_term_string\"}}],\"inLanguage\":\"nl-NL\"}]}<\/script>\n<!-- \/ Yoast SEO plugin. -->","yoast_head_json":{"title":"Kanalverstopfungen - Rattenbefall - Roovers Rioolreiniging (DE)","description":"Roovers Rioolreiniging (Roovers Rohr- und Kanalreinigung) ist ein kleiner, flexibler Betrieb, der in S\u00fcdlimburg auf dem Rohr- und Kanalreinigungssektor","robots":{"index":"index","follow":"follow","max-snippet":"max-snippet:-1","max-image-preview":"max-image-preview:large","max-video-preview":"max-video-preview:-1"},"canonical":"https:\/\/www.roovers-rioolreiniging.nl\/de\/unsere-leistungen\/rattenbefall\/","og_locale":"nl_NL","og_type":"article","og_title":"Kanalverstopfungen - Rattenbefall - Roovers Rioolreiniging (DE)","og_description":"Roovers Rioolreiniging (Roovers Rohr- und Kanalreinigung) ist ein kleiner, flexibler Betrieb, der in S\u00fcdlimburg auf dem Rohr- und Kanalreinigungssektor","og_url":"https:\/\/www.roovers-rioolreiniging.nl\/de\/unsere-leistungen\/rattenbefall\/","og_site_name":"Roovers Rioolreiniging (DE)","article_modified_time":"2015-02-04T13:41:20+00:00","og_image":[{"url":"http:\/\/roovers-rioolreiniging.nl\/de\/wp-content\/uploads\/2015\/01\/rat-riool.jpg","type":"","width":"","height":""}],"twitter_misc":{"Geschatte leestijd":"1 minuut"},"schema":{"@context":"https:\/\/schema.org","@graph":[{"@type":"WebPage","@id":"https:\/\/www.roovers-rioolreiniging.nl\/de\/unsere-leistungen\/rattenbefall\/","url":"https:\/\/www.roovers-rioolreiniging.nl\/de\/unsere-leistungen\/rattenbefall\/","name":"Kanalverstopfungen - Rattenbefall - Roovers Rioolreiniging (DE)","isPartOf":{"@id":"https:\/\/www.roovers-rioolreiniging.nl\/de\/#website"},"primaryImageOfPage":{"@id":"https:\/\/www.roovers-rioolreiniging.nl\/de\/unsere-leistungen\/rattenbefall\/#primaryimage"},"image":{"@id":"https:\/\/www.roovers-rioolreiniging.nl\/de\/unsere-leistungen\/rattenbefall\/#primaryimage"},"thumbnailUrl":"http:\/\/roovers-rioolreiniging.nl\/de\/wp-content\/uploads\/2015\/01\/rat-riool.jpg","datePublished":"2014-12-12T08:49:11+00:00","dateModified":"2015-02-04T13:41:20+00:00","description":"Roovers Rioolreiniging (Roovers Rohr- und Kanalreinigung) ist ein kleiner, flexibler Betrieb, der in S\u00fcdlimburg auf dem Rohr- und Kanalreinigungssektor","breadcrumb":{"@id":"https:\/\/www.roovers-rioolreiniging.nl\/de\/unsere-leistungen\/rattenbefall\/#breadcrumb"},"inLanguage":"nl-NL","potentialAction":[{"@type":"ReadAction","target":["https:\/\/www.roovers-rioolreiniging.nl\/de\/unsere-leistungen\/rattenbefall\/"]}]},{"@type":"ImageObject","inLanguage":"nl-NL","@id":"https:\/\/www.roovers-rioolreiniging.nl\/de\/unsere-leistungen\/rattenbefall\/#primaryimage","url":"http:\/\/roovers-rioolreiniging.nl\/de\/wp-content\/uploads\/2015\/01\/rat-riool.jpg","contentUrl":"http:\/\/roovers-rioolreiniging.nl\/de\/wp-content\/uploads\/2015\/01\/rat-riool.jpg"},{"@type":"BreadcrumbList","@id":"https:\/\/www.roovers-rioolreiniging.nl\/de\/unsere-leistungen\/rattenbefall\/#breadcrumb","itemListElement":[{"@type":"ListItem","position":1,"name":"Home","item":"https:\/\/www.roovers-rioolreiniging.nl\/de\/"},{"@type":"ListItem","position":2,"name":"Unsere leistungen","item":"https:\/\/www.roovers-rioolreiniging.nl\/de\/unsere-leistungen\/"},{"@type":"ListItem","position":3,"name":"Kanalverstopfungen &#8211; Rattenbefall"}]},{"@type":"WebSite","@id":"https:\/\/www.roovers-rioolreiniging.nl\/de\/#website","url":"https:\/\/www.roovers-rioolreiniging.nl\/de\/","name":"Roovers Rioolreiniging (DE)","description":"Kanalarbeiten","potentialAction":[{"@type":"SearchAction","target":{"@type":"EntryPoint","urlTemplate":"https:\/\/www.roovers-rioolreiniging.nl\/de\/?s={search_term_string}"},"query-input":{"@type":"PropertyValueSpecification","valueRequired":true,"valueName":"search_term_string"}}],"inLanguage":"nl-NL"}]}},"_links":{"self":[{"href":"https:\/\/www.roovers-rioolreiniging.nl\/de\/wp-json\/wp\/v2\/pages\/25","targetHints":{"allow":["GET"]}}],"collection":[{"href":"https:\/\/www.roovers-rioolreiniging.nl\/de\/wp-json\/wp\/v2\/pages"}],"about":[{"href":"https:\/\/www.roovers-rioolreiniging.nl\/de\/wp-json\/wp\/v2\/types\/page"}],"author":[{"embeddable":true,"href":"https:\/\/www.roovers-rioolreiniging.nl\/de\/wp-json\/wp\/v2\/users\/2"}],"replies":[{"embeddable":true,"href":"https:\/\/www.roovers-rioolreiniging.nl\/de\/wp-json\/wp\/v2\/comments?post=25"}],"version-history":[{"count":3,"href":"https:\/\/www.roovers-rioolreiniging.nl\/de\/wp-json\/wp\/v2\/pages\/25\/revisions"}],"predecessor-version":[{"id":396,"href":"https:\/\/www.roovers-rioolreiniging.nl\/de\/wp-json\/wp\/v2\/pages\/25\/revisions\/396"}],"up":[{"embeddable":true,"href":"https:\/\/www.roovers-rioolreiniging.nl\/de\/wp-json\/wp\/v2\/pages\/21"}],"wp:attachment":[{"href":"https:\/\/www.roovers-rioolreiniging.nl\/de\/wp-json\/wp\/v2\/media?parent=25"}],"curies":[{"name":"wp","href":"https:\/\/api.w.org\/{rel}","templated":true}]}}