{"id":27,"date":"2014-12-12T08:49:23","date_gmt":"2014-12-12T08:49:23","guid":{"rendered":"http:\/\/roovers-rioolreiniging.nl\/?page_id=27"},"modified":"2015-02-04T13:40:33","modified_gmt":"2015-02-04T13:40:33","slug":"durchfuhrung-von-dampftests","status":"publish","type":"page","link":"https:\/\/www.roovers-rioolreiniging.nl\/de\/unsere-leistungen\/durchfuhrung-von-dampftests\/","title":{"rendered":"Durchf\u00fchrung von Dampftests"},"content":{"rendered":"\t<div class=\"vc_row wpb_row vc_row-fluid\"  >\n\t<div class=\"vc_col-sm-8 wpb_column vc_column_container \">\n\t\t<div class=\"wpb_wrapper\">\n\t\t\t\n\t<div class=\"wpb_text_column wpb_content_element \">\n\t\t<div class=\"wpb_wrapper\">\n\t\t\t<p>Unangenehmer Geruch oder Gestank in Ihrem Haus oder drum herum ist sehr l\u00e4stig. Ein Grund daf\u00fcr kann ein Schaden am Rohr- und Kanalleitungssystem sein. Leider kann so ein Schaden nicht immer sofort gefunden werden. Das Durchblasen der Leitungen mit Dampf kann hier eine L\u00f6sung sein. Alle auch noch so kleinen Risse, Br\u00fcche oder sonstige offene Anschl\u00fcsse werden durch den Dampf gefunden. Das nennen wir einen Dampftest.<\/p>\n\n\t\t<\/div> \n\t<\/div> \n\t\t<\/div> \n\t<\/div> \n\n\t<div class=\"vc_col-sm-4 wpb_column vc_column_container \">\n\t\t<div class=\"wpb_wrapper\">\n\t\t\t\n\t<div class=\"wpb_text_column wpb_content_element \">\n\t\t<div class=\"wpb_wrapper\">\n\t\t\t<p><img decoding=\"async\" class=\"alignnone size-full wp-image-272\" src=\"http:\/\/roovers-rioolreiniging.nl\/de\/wp-content\/uploads\/2015\/01\/putdeksel.jpg\" alt=\"Stankoverlast\" width=\"100%\" height=\"100%\" srcset=\"https:\/\/www.roovers-rioolreiniging.nl\/de\/wp-content\/uploads\/2015\/01\/putdeksel.jpg 790w, https:\/\/www.roovers-rioolreiniging.nl\/de\/wp-content\/uploads\/2015\/01\/putdeksel-300x201.jpg 300w\" sizes=\"(max-width: 790px) 100vw, 790px\" \/><\/p>\n\n\t\t<\/div> \n\t<\/div> \n\t\t<\/div> \n\t<\/div> \n<\/div><div class=\"vc_row-full-width\"><\/div>\n","protected":false},"excerpt":{"rendered":"Unangenehmer Geruch oder Gestank in Ihrem Haus oder drum herum ist sehr l\u00e4stig. Ein Grund daf\u00fcr kann ein Schaden am Rohr- und Kanalleitungssystem sein. Leider kann so ein Schaden nicht immer sofort gefunden werden. Das Durchblasen der Leitungen mit Dampf kann hier eine L\u00f6sung sein. Alle auch noch so kleinen Risse, Br\u00fcche oder sonstige offene [...]","protected":false},"author":2,"featured_media":0,"parent":21,"menu_order":0,"comment_status":"open","ping_status":"open","template":"","meta":{"footnotes":""},"class_list":["post-27","page","type-page","status-publish","hentry"],"yoast_head":"<!-- This site is optimized with the Yoast SEO plugin v26.8 - https:\/\/yoast.com\/product\/yoast-seo-wordpress\/ -->\n<title>Durchf\u00fchrung von Dampftests - Roovers Rioolreiniging (DE)<\/title>\n<meta name=\"description\" content=\"Unangenehmer Geruch oder Gestank in Ihrem Haus oder drum herum ist sehr l\u00e4stig. Ein Grund daf\u00fcr kann ein Schaden am Rohr- und Kanalleitungssystem sein.\" \/>\n<meta name=\"robots\" content=\"index, follow, max-snippet:-1, max-image-preview:large, max-video-preview:-1\" \/>\n<link rel=\"canonical\" href=\"https:\/\/www.roovers-rioolreiniging.nl\/de\/unsere-leistungen\/durchfuhrung-von-dampftests\/\" \/>\n<meta property=\"og:locale\" content=\"nl_NL\" \/>\n<meta property=\"og:type\" content=\"article\" \/>\n<meta property=\"og:title\" content=\"Durchf\u00fchrung von Dampftests - Roovers Rioolreiniging (DE)\" \/>\n<meta property=\"og:description\" content=\"Unangenehmer Geruch oder Gestank in Ihrem Haus oder drum herum ist sehr l\u00e4stig. Ein Grund daf\u00fcr kann ein Schaden am Rohr- und Kanalleitungssystem sein.\" \/>\n<meta property=\"og:url\" content=\"https:\/\/www.roovers-rioolreiniging.nl\/de\/unsere-leistungen\/durchfuhrung-von-dampftests\/\" \/>\n<meta property=\"og:site_name\" content=\"Roovers Rioolreiniging (DE)\" \/>\n<meta property=\"article:modified_time\" content=\"2015-02-04T13:40:33+00:00\" \/>\n<meta property=\"og:image\" content=\"http:\/\/roovers-rioolreiniging.nl\/de\/wp-content\/uploads\/2015\/01\/putdeksel.jpg\" \/>\n<script type=\"application\/ld+json\" class=\"yoast-schema-graph\">{\"@context\":\"https:\/\/schema.org\",\"@graph\":[{\"@type\":\"WebPage\",\"@id\":\"https:\/\/www.roovers-rioolreiniging.nl\/de\/unsere-leistungen\/durchfuhrung-von-dampftests\/\",\"url\":\"https:\/\/www.roovers-rioolreiniging.nl\/de\/unsere-leistungen\/durchfuhrung-von-dampftests\/\",\"name\":\"Durchf\u00fchrung von Dampftests - Roovers Rioolreiniging (DE)\",\"isPartOf\":{\"@id\":\"https:\/\/www.roovers-rioolreiniging.nl\/de\/#website\"},\"primaryImageOfPage\":{\"@id\":\"https:\/\/www.roovers-rioolreiniging.nl\/de\/unsere-leistungen\/durchfuhrung-von-dampftests\/#primaryimage\"},\"image\":{\"@id\":\"https:\/\/www.roovers-rioolreiniging.nl\/de\/unsere-leistungen\/durchfuhrung-von-dampftests\/#primaryimage\"},\"thumbnailUrl\":\"http:\/\/roovers-rioolreiniging.nl\/de\/wp-content\/uploads\/2015\/01\/putdeksel.jpg\",\"datePublished\":\"2014-12-12T08:49:23+00:00\",\"dateModified\":\"2015-02-04T13:40:33+00:00\",\"description\":\"Unangenehmer Geruch oder Gestank in Ihrem Haus oder drum herum ist sehr l\u00e4stig. Ein Grund daf\u00fcr kann ein Schaden am Rohr- und Kanalleitungssystem sein.\",\"breadcrumb\":{\"@id\":\"https:\/\/www.roovers-rioolreiniging.nl\/de\/unsere-leistungen\/durchfuhrung-von-dampftests\/#breadcrumb\"},\"inLanguage\":\"nl-NL\",\"potentialAction\":[{\"@type\":\"ReadAction\",\"target\":[\"https:\/\/www.roovers-rioolreiniging.nl\/de\/unsere-leistungen\/durchfuhrung-von-dampftests\/\"]}]},{\"@type\":\"ImageObject\",\"inLanguage\":\"nl-NL\",\"@id\":\"https:\/\/www.roovers-rioolreiniging.nl\/de\/unsere-leistungen\/durchfuhrung-von-dampftests\/#primaryimage\",\"url\":\"http:\/\/roovers-rioolreiniging.nl\/de\/wp-content\/uploads\/2015\/01\/putdeksel.jpg\",\"contentUrl\":\"http:\/\/roovers-rioolreiniging.nl\/de\/wp-content\/uploads\/2015\/01\/putdeksel.jpg\"},{\"@type\":\"BreadcrumbList\",\"@id\":\"https:\/\/www.roovers-rioolreiniging.nl\/de\/unsere-leistungen\/durchfuhrung-von-dampftests\/#breadcrumb\",\"itemListElement\":[{\"@type\":\"ListItem\",\"position\":1,\"name\":\"Home\",\"item\":\"https:\/\/www.roovers-rioolreiniging.nl\/de\/\"},{\"@type\":\"ListItem\",\"position\":2,\"name\":\"Unsere leistungen\",\"item\":\"https:\/\/www.roovers-rioolreiniging.nl\/de\/unsere-leistungen\/\"},{\"@type\":\"ListItem\",\"position\":3,\"name\":\"Durchf\u00fchrung von Dampftests\"}]},{\"@type\":\"WebSite\",\"@id\":\"https:\/\/www.roovers-rioolreiniging.nl\/de\/#website\",\"url\":\"https:\/\/www.roovers-rioolreiniging.nl\/de\/\",\"name\":\"Roovers Rioolreiniging (DE)\",\"description\":\"Kanalarbeiten\",\"potentialAction\":[{\"@type\":\"SearchAction\",\"target\":{\"@type\":\"EntryPoint\",\"urlTemplate\":\"https:\/\/www.roovers-rioolreiniging.nl\/de\/?s={search_term_string}\"},\"query-input\":{\"@type\":\"PropertyValueSpecification\",\"valueRequired\":true,\"valueName\":\"search_term_string\"}}],\"inLanguage\":\"nl-NL\"}]}<\/script>\n<!-- \/ Yoast SEO plugin. -->","yoast_head_json":{"title":"Durchf\u00fchrung von Dampftests - Roovers Rioolreiniging (DE)","description":"Unangenehmer Geruch oder Gestank in Ihrem Haus oder drum herum ist sehr l\u00e4stig. Ein Grund daf\u00fcr kann ein Schaden am Rohr- und Kanalleitungssystem sein.","robots":{"index":"index","follow":"follow","max-snippet":"max-snippet:-1","max-image-preview":"max-image-preview:large","max-video-preview":"max-video-preview:-1"},"canonical":"https:\/\/www.roovers-rioolreiniging.nl\/de\/unsere-leistungen\/durchfuhrung-von-dampftests\/","og_locale":"nl_NL","og_type":"article","og_title":"Durchf\u00fchrung von Dampftests - Roovers Rioolreiniging (DE)","og_description":"Unangenehmer Geruch oder Gestank in Ihrem Haus oder drum herum ist sehr l\u00e4stig. Ein Grund daf\u00fcr kann ein Schaden am Rohr- und Kanalleitungssystem sein.","og_url":"https:\/\/www.roovers-rioolreiniging.nl\/de\/unsere-leistungen\/durchfuhrung-von-dampftests\/","og_site_name":"Roovers Rioolreiniging (DE)","article_modified_time":"2015-02-04T13:40:33+00:00","og_image":[{"url":"http:\/\/roovers-rioolreiniging.nl\/de\/wp-content\/uploads\/2015\/01\/putdeksel.jpg","type":"","width":"","height":""}],"schema":{"@context":"https:\/\/schema.org","@graph":[{"@type":"WebPage","@id":"https:\/\/www.roovers-rioolreiniging.nl\/de\/unsere-leistungen\/durchfuhrung-von-dampftests\/","url":"https:\/\/www.roovers-rioolreiniging.nl\/de\/unsere-leistungen\/durchfuhrung-von-dampftests\/","name":"Durchf\u00fchrung von Dampftests - Roovers Rioolreiniging (DE)","isPartOf":{"@id":"https:\/\/www.roovers-rioolreiniging.nl\/de\/#website"},"primaryImageOfPage":{"@id":"https:\/\/www.roovers-rioolreiniging.nl\/de\/unsere-leistungen\/durchfuhrung-von-dampftests\/#primaryimage"},"image":{"@id":"https:\/\/www.roovers-rioolreiniging.nl\/de\/unsere-leistungen\/durchfuhrung-von-dampftests\/#primaryimage"},"thumbnailUrl":"http:\/\/roovers-rioolreiniging.nl\/de\/wp-content\/uploads\/2015\/01\/putdeksel.jpg","datePublished":"2014-12-12T08:49:23+00:00","dateModified":"2015-02-04T13:40:33+00:00","description":"Unangenehmer Geruch oder Gestank in Ihrem Haus oder drum herum ist sehr l\u00e4stig. Ein Grund daf\u00fcr kann ein Schaden am Rohr- und Kanalleitungssystem sein.","breadcrumb":{"@id":"https:\/\/www.roovers-rioolreiniging.nl\/de\/unsere-leistungen\/durchfuhrung-von-dampftests\/#breadcrumb"},"inLanguage":"nl-NL","potentialAction":[{"@type":"ReadAction","target":["https:\/\/www.roovers-rioolreiniging.nl\/de\/unsere-leistungen\/durchfuhrung-von-dampftests\/"]}]},{"@type":"ImageObject","inLanguage":"nl-NL","@id":"https:\/\/www.roovers-rioolreiniging.nl\/de\/unsere-leistungen\/durchfuhrung-von-dampftests\/#primaryimage","url":"http:\/\/roovers-rioolreiniging.nl\/de\/wp-content\/uploads\/2015\/01\/putdeksel.jpg","contentUrl":"http:\/\/roovers-rioolreiniging.nl\/de\/wp-content\/uploads\/2015\/01\/putdeksel.jpg"},{"@type":"BreadcrumbList","@id":"https:\/\/www.roovers-rioolreiniging.nl\/de\/unsere-leistungen\/durchfuhrung-von-dampftests\/#breadcrumb","itemListElement":[{"@type":"ListItem","position":1,"name":"Home","item":"https:\/\/www.roovers-rioolreiniging.nl\/de\/"},{"@type":"ListItem","position":2,"name":"Unsere leistungen","item":"https:\/\/www.roovers-rioolreiniging.nl\/de\/unsere-leistungen\/"},{"@type":"ListItem","position":3,"name":"Durchf\u00fchrung von Dampftests"}]},{"@type":"WebSite","@id":"https:\/\/www.roovers-rioolreiniging.nl\/de\/#website","url":"https:\/\/www.roovers-rioolreiniging.nl\/de\/","name":"Roovers Rioolreiniging (DE)","description":"Kanalarbeiten","potentialAction":[{"@type":"SearchAction","target":{"@type":"EntryPoint","urlTemplate":"https:\/\/www.roovers-rioolreiniging.nl\/de\/?s={search_term_string}"},"query-input":{"@type":"PropertyValueSpecification","valueRequired":true,"valueName":"search_term_string"}}],"inLanguage":"nl-NL"}]}},"_links":{"self":[{"href":"https:\/\/www.roovers-rioolreiniging.nl\/de\/wp-json\/wp\/v2\/pages\/27","targetHints":{"allow":["GET"]}}],"collection":[{"href":"https:\/\/www.roovers-rioolreiniging.nl\/de\/wp-json\/wp\/v2\/pages"}],"about":[{"href":"https:\/\/www.roovers-rioolreiniging.nl\/de\/wp-json\/wp\/v2\/types\/page"}],"author":[{"embeddable":true,"href":"https:\/\/www.roovers-rioolreiniging.nl\/de\/wp-json\/wp\/v2\/users\/2"}],"replies":[{"embeddable":true,"href":"https:\/\/www.roovers-rioolreiniging.nl\/de\/wp-json\/wp\/v2\/comments?post=27"}],"version-history":[{"count":1,"href":"https:\/\/www.roovers-rioolreiniging.nl\/de\/wp-json\/wp\/v2\/pages\/27\/revisions"}],"predecessor-version":[{"id":387,"href":"https:\/\/www.roovers-rioolreiniging.nl\/de\/wp-json\/wp\/v2\/pages\/27\/revisions\/387"}],"up":[{"embeddable":true,"href":"https:\/\/www.roovers-rioolreiniging.nl\/de\/wp-json\/wp\/v2\/pages\/21"}],"wp:attachment":[{"href":"https:\/\/www.roovers-rioolreiniging.nl\/de\/wp-json\/wp\/v2\/media?parent=27"}],"curies":[{"name":"wp","href":"https:\/\/api.w.org\/{rel}","templated":true}]}}