{"id":29,"date":"2014-12-12T08:49:38","date_gmt":"2014-12-12T08:49:38","guid":{"rendered":"http:\/\/roovers-rioolreiniging.nl\/?page_id=29"},"modified":"2015-02-04T10:31:43","modified_gmt":"2015-02-04T10:31:43","slug":"tv-prufungen","status":"publish","type":"page","link":"https:\/\/www.roovers-rioolreiniging.nl\/de\/unsere-leistungen\/tv-prufungen\/","title":{"rendered":"TV-Pr\u00fcfungen"},"content":{"rendered":"\t<div class=\"vc_row wpb_row vc_row-fluid\"  >\n\t<div class=\"vc_col-sm-8 wpb_column vc_column_container \">\n\t\t<div class=\"wpb_wrapper\">\n\t\t\t\n\t<div class=\"wpb_text_column wpb_content_element \">\n\t\t<div class=\"wpb_wrapper\">\n\t\t\t<p>Wenn eine Rohrleitung immer wieder verstopft ist, kann daf\u00fcr nicht immer ein eindeutiger Grund angegeben werden. Mit einer Kamera kann das Innere des Rohrleitungssystems untersucht werden. Ist die Rohrleitung intakt? Sind Anschl\u00fcsse verkehrt gelegt worden? Sind Hindernisse im Weg? Etc. Die Aufnahme wird digital festgehalten; auf Wunsch stellen wir Ihnen die Aufnahme zur Verf\u00fcgung. Wir raten Ihnen, die betreffende(n) Leitung(en) durch uns reinigen zu lassen, bevor eine Kamerapr\u00fcfung durchgef\u00fchrt wird, weil andernfalls keine korrekte Wiedergabe der Bilder garantiert werden kann.<\/p>\n\n\t\t<\/div> \n\t<\/div> \n\t\t<\/div> \n\t<\/div> \n\n\t<div class=\"vc_col-sm-4 wpb_column vc_column_container \">\n\t\t<div class=\"wpb_wrapper\">\n\t\t\t\n\t<div class=\"wpb_text_column wpb_content_element \">\n\t\t<div class=\"wpb_wrapper\">\n\t\t\t<p><img decoding=\"async\" class=\"alignnone size-large wp-image-239\" src=\"http:\/\/roovers-rioolreiniging.nl\/de\/wp-content\/uploads\/2015\/01\/riool_01-1024x771.jpg\" alt=\"riool_01\" width=\"100%\" height=\"100%\" srcset=\"https:\/\/www.roovers-rioolreiniging.nl\/de\/wp-content\/uploads\/2015\/01\/riool_01-1024x771.jpg 1024w, https:\/\/www.roovers-rioolreiniging.nl\/de\/wp-content\/uploads\/2015\/01\/riool_01-300x226.jpg 300w\" sizes=\"(max-width: 1024px) 100vw, 1024px\" \/><\/p>\n\n\t\t<\/div> \n\t<\/div> \n\t\t<\/div> \n\t<\/div> \n<\/div><div class=\"vc_row-full-width\"><\/div>\n","protected":false},"excerpt":{"rendered":"Wenn eine Rohrleitung immer wieder verstopft ist, kann daf\u00fcr nicht immer ein eindeutiger Grund angegeben werden. Mit einer Kamera kann das Innere des Rohrleitungssystems untersucht werden. Ist die Rohrleitung intakt? Sind Anschl\u00fcsse verkehrt gelegt worden? Sind Hindernisse im Weg? Etc. Die Aufnahme wird digital festgehalten; auf Wunsch stellen wir Ihnen die Aufnahme zur Verf\u00fcgung. Wir [...]","protected":false},"author":2,"featured_media":0,"parent":21,"menu_order":0,"comment_status":"open","ping_status":"open","template":"","meta":{"footnotes":""},"class_list":["post-29","page","type-page","status-publish","hentry"],"yoast_head":"<!-- This site is optimized with the Yoast SEO plugin v26.8 - https:\/\/yoast.com\/product\/yoast-seo-wordpress\/ -->\n<title>TV-Pr\u00fcfungen - Roovers Rioolreiniging (DE)<\/title>\n<meta name=\"description\" content=\"Mit einer Kamera kann das Innere des Rohrleitungssystems untersucht werden.\" \/>\n<meta name=\"robots\" content=\"index, follow, max-snippet:-1, max-image-preview:large, max-video-preview:-1\" \/>\n<link rel=\"canonical\" href=\"https:\/\/www.roovers-rioolreiniging.nl\/de\/unsere-leistungen\/tv-prufungen\/\" \/>\n<meta property=\"og:locale\" content=\"nl_NL\" \/>\n<meta property=\"og:type\" content=\"article\" \/>\n<meta property=\"og:title\" content=\"TV-Pr\u00fcfungen - Roovers Rioolreiniging (DE)\" \/>\n<meta property=\"og:description\" content=\"Mit einer Kamera kann das Innere des Rohrleitungssystems untersucht werden.\" \/>\n<meta property=\"og:url\" content=\"https:\/\/www.roovers-rioolreiniging.nl\/de\/unsere-leistungen\/tv-prufungen\/\" \/>\n<meta property=\"og:site_name\" content=\"Roovers Rioolreiniging (DE)\" \/>\n<meta property=\"article:modified_time\" content=\"2015-02-04T10:31:43+00:00\" \/>\n<meta property=\"og:image\" content=\"http:\/\/roovers-rioolreiniging.nl\/de\/wp-content\/uploads\/2015\/01\/riool_01-1024x771.jpg\" \/>\n<meta name=\"twitter:label1\" content=\"Geschatte leestijd\" \/>\n\t<meta name=\"twitter:data1\" content=\"1 minuut\" \/>\n<script type=\"application\/ld+json\" class=\"yoast-schema-graph\">{\"@context\":\"https:\/\/schema.org\",\"@graph\":[{\"@type\":\"WebPage\",\"@id\":\"https:\/\/www.roovers-rioolreiniging.nl\/de\/unsere-leistungen\/tv-prufungen\/\",\"url\":\"https:\/\/www.roovers-rioolreiniging.nl\/de\/unsere-leistungen\/tv-prufungen\/\",\"name\":\"TV-Pr\u00fcfungen - Roovers Rioolreiniging (DE)\",\"isPartOf\":{\"@id\":\"https:\/\/www.roovers-rioolreiniging.nl\/de\/#website\"},\"primaryImageOfPage\":{\"@id\":\"https:\/\/www.roovers-rioolreiniging.nl\/de\/unsere-leistungen\/tv-prufungen\/#primaryimage\"},\"image\":{\"@id\":\"https:\/\/www.roovers-rioolreiniging.nl\/de\/unsere-leistungen\/tv-prufungen\/#primaryimage\"},\"thumbnailUrl\":\"http:\/\/roovers-rioolreiniging.nl\/de\/wp-content\/uploads\/2015\/01\/riool_01-1024x771.jpg\",\"datePublished\":\"2014-12-12T08:49:38+00:00\",\"dateModified\":\"2015-02-04T10:31:43+00:00\",\"description\":\"Mit einer Kamera kann das Innere des Rohrleitungssystems untersucht werden.\",\"breadcrumb\":{\"@id\":\"https:\/\/www.roovers-rioolreiniging.nl\/de\/unsere-leistungen\/tv-prufungen\/#breadcrumb\"},\"inLanguage\":\"nl-NL\",\"potentialAction\":[{\"@type\":\"ReadAction\",\"target\":[\"https:\/\/www.roovers-rioolreiniging.nl\/de\/unsere-leistungen\/tv-prufungen\/\"]}]},{\"@type\":\"ImageObject\",\"inLanguage\":\"nl-NL\",\"@id\":\"https:\/\/www.roovers-rioolreiniging.nl\/de\/unsere-leistungen\/tv-prufungen\/#primaryimage\",\"url\":\"http:\/\/roovers-rioolreiniging.nl\/de\/wp-content\/uploads\/2015\/01\/riool_01-1024x771.jpg\",\"contentUrl\":\"http:\/\/roovers-rioolreiniging.nl\/de\/wp-content\/uploads\/2015\/01\/riool_01-1024x771.jpg\"},{\"@type\":\"BreadcrumbList\",\"@id\":\"https:\/\/www.roovers-rioolreiniging.nl\/de\/unsere-leistungen\/tv-prufungen\/#breadcrumb\",\"itemListElement\":[{\"@type\":\"ListItem\",\"position\":1,\"name\":\"Home\",\"item\":\"https:\/\/www.roovers-rioolreiniging.nl\/de\/\"},{\"@type\":\"ListItem\",\"position\":2,\"name\":\"Unsere leistungen\",\"item\":\"https:\/\/www.roovers-rioolreiniging.nl\/de\/unsere-leistungen\/\"},{\"@type\":\"ListItem\",\"position\":3,\"name\":\"TV-Pr\u00fcfungen\"}]},{\"@type\":\"WebSite\",\"@id\":\"https:\/\/www.roovers-rioolreiniging.nl\/de\/#website\",\"url\":\"https:\/\/www.roovers-rioolreiniging.nl\/de\/\",\"name\":\"Roovers Rioolreiniging (DE)\",\"description\":\"Kanalarbeiten\",\"potentialAction\":[{\"@type\":\"SearchAction\",\"target\":{\"@type\":\"EntryPoint\",\"urlTemplate\":\"https:\/\/www.roovers-rioolreiniging.nl\/de\/?s={search_term_string}\"},\"query-input\":{\"@type\":\"PropertyValueSpecification\",\"valueRequired\":true,\"valueName\":\"search_term_string\"}}],\"inLanguage\":\"nl-NL\"}]}<\/script>\n<!-- \/ Yoast SEO plugin. -->","yoast_head_json":{"title":"TV-Pr\u00fcfungen - Roovers Rioolreiniging (DE)","description":"Mit einer Kamera kann das Innere des Rohrleitungssystems untersucht werden.","robots":{"index":"index","follow":"follow","max-snippet":"max-snippet:-1","max-image-preview":"max-image-preview:large","max-video-preview":"max-video-preview:-1"},"canonical":"https:\/\/www.roovers-rioolreiniging.nl\/de\/unsere-leistungen\/tv-prufungen\/","og_locale":"nl_NL","og_type":"article","og_title":"TV-Pr\u00fcfungen - Roovers Rioolreiniging (DE)","og_description":"Mit einer Kamera kann das Innere des Rohrleitungssystems untersucht werden.","og_url":"https:\/\/www.roovers-rioolreiniging.nl\/de\/unsere-leistungen\/tv-prufungen\/","og_site_name":"Roovers Rioolreiniging (DE)","article_modified_time":"2015-02-04T10:31:43+00:00","og_image":[{"url":"http:\/\/roovers-rioolreiniging.nl\/de\/wp-content\/uploads\/2015\/01\/riool_01-1024x771.jpg","type":"","width":"","height":""}],"twitter_misc":{"Geschatte leestijd":"1 minuut"},"schema":{"@context":"https:\/\/schema.org","@graph":[{"@type":"WebPage","@id":"https:\/\/www.roovers-rioolreiniging.nl\/de\/unsere-leistungen\/tv-prufungen\/","url":"https:\/\/www.roovers-rioolreiniging.nl\/de\/unsere-leistungen\/tv-prufungen\/","name":"TV-Pr\u00fcfungen - Roovers Rioolreiniging (DE)","isPartOf":{"@id":"https:\/\/www.roovers-rioolreiniging.nl\/de\/#website"},"primaryImageOfPage":{"@id":"https:\/\/www.roovers-rioolreiniging.nl\/de\/unsere-leistungen\/tv-prufungen\/#primaryimage"},"image":{"@id":"https:\/\/www.roovers-rioolreiniging.nl\/de\/unsere-leistungen\/tv-prufungen\/#primaryimage"},"thumbnailUrl":"http:\/\/roovers-rioolreiniging.nl\/de\/wp-content\/uploads\/2015\/01\/riool_01-1024x771.jpg","datePublished":"2014-12-12T08:49:38+00:00","dateModified":"2015-02-04T10:31:43+00:00","description":"Mit einer Kamera kann das Innere des Rohrleitungssystems untersucht werden.","breadcrumb":{"@id":"https:\/\/www.roovers-rioolreiniging.nl\/de\/unsere-leistungen\/tv-prufungen\/#breadcrumb"},"inLanguage":"nl-NL","potentialAction":[{"@type":"ReadAction","target":["https:\/\/www.roovers-rioolreiniging.nl\/de\/unsere-leistungen\/tv-prufungen\/"]}]},{"@type":"ImageObject","inLanguage":"nl-NL","@id":"https:\/\/www.roovers-rioolreiniging.nl\/de\/unsere-leistungen\/tv-prufungen\/#primaryimage","url":"http:\/\/roovers-rioolreiniging.nl\/de\/wp-content\/uploads\/2015\/01\/riool_01-1024x771.jpg","contentUrl":"http:\/\/roovers-rioolreiniging.nl\/de\/wp-content\/uploads\/2015\/01\/riool_01-1024x771.jpg"},{"@type":"BreadcrumbList","@id":"https:\/\/www.roovers-rioolreiniging.nl\/de\/unsere-leistungen\/tv-prufungen\/#breadcrumb","itemListElement":[{"@type":"ListItem","position":1,"name":"Home","item":"https:\/\/www.roovers-rioolreiniging.nl\/de\/"},{"@type":"ListItem","position":2,"name":"Unsere leistungen","item":"https:\/\/www.roovers-rioolreiniging.nl\/de\/unsere-leistungen\/"},{"@type":"ListItem","position":3,"name":"TV-Pr\u00fcfungen"}]},{"@type":"WebSite","@id":"https:\/\/www.roovers-rioolreiniging.nl\/de\/#website","url":"https:\/\/www.roovers-rioolreiniging.nl\/de\/","name":"Roovers Rioolreiniging (DE)","description":"Kanalarbeiten","potentialAction":[{"@type":"SearchAction","target":{"@type":"EntryPoint","urlTemplate":"https:\/\/www.roovers-rioolreiniging.nl\/de\/?s={search_term_string}"},"query-input":{"@type":"PropertyValueSpecification","valueRequired":true,"valueName":"search_term_string"}}],"inLanguage":"nl-NL"}]}},"_links":{"self":[{"href":"https:\/\/www.roovers-rioolreiniging.nl\/de\/wp-json\/wp\/v2\/pages\/29","targetHints":{"allow":["GET"]}}],"collection":[{"href":"https:\/\/www.roovers-rioolreiniging.nl\/de\/wp-json\/wp\/v2\/pages"}],"about":[{"href":"https:\/\/www.roovers-rioolreiniging.nl\/de\/wp-json\/wp\/v2\/types\/page"}],"author":[{"embeddable":true,"href":"https:\/\/www.roovers-rioolreiniging.nl\/de\/wp-json\/wp\/v2\/users\/2"}],"replies":[{"embeddable":true,"href":"https:\/\/www.roovers-rioolreiniging.nl\/de\/wp-json\/wp\/v2\/comments?post=29"}],"version-history":[{"count":2,"href":"https:\/\/www.roovers-rioolreiniging.nl\/de\/wp-json\/wp\/v2\/pages\/29\/revisions"}],"predecessor-version":[{"id":386,"href":"https:\/\/www.roovers-rioolreiniging.nl\/de\/wp-json\/wp\/v2\/pages\/29\/revisions\/386"}],"up":[{"embeddable":true,"href":"https:\/\/www.roovers-rioolreiniging.nl\/de\/wp-json\/wp\/v2\/pages\/21"}],"wp:attachment":[{"href":"https:\/\/www.roovers-rioolreiniging.nl\/de\/wp-json\/wp\/v2\/media?parent=29"}],"curies":[{"name":"wp","href":"https:\/\/api.w.org\/{rel}","templated":true}]}}