{"id":31,"date":"2014-12-12T08:49:48","date_gmt":"2014-12-12T08:49:48","guid":{"rendered":"http:\/\/roovers-rioolreiniging.nl\/?page_id=31"},"modified":"2015-02-04T12:08:05","modified_gmt":"2015-02-04T12:08:05","slug":"rohr-und-kanalleitungen","status":"publish","type":"page","link":"https:\/\/www.roovers-rioolreiniging.nl\/de\/unsere-leistungen\/rohr-und-kanalleitungen\/","title":{"rendered":"Problemen mit Rohr- und Kanalleitungen"},"content":{"rendered":"\t<div class=\"vc_row wpb_row vc_row-fluid\"  >\n\t<div class=\"vc_col-sm-8 wpb_column vc_column_container \">\n\t\t<div class=\"wpb_wrapper\">\n\t\t\t\n\t<div class=\"wpb_text_column wpb_content_element \">\n\t\t<div class=\"wpb_wrapper\">\n\t\t\t<p>Da Wohnungen Rohrleitungen oft gemeinsam benutzen Verbundrohrleitungsanlage), k\u00f6nnen die Leitungen fr\u00fcher und schneller verschmutzen. Beispiele hierf\u00fcr sind Flachbauten, Bungalowanlagen, Reihenh\u00e4user, langfristig leerstehende Wohnungen etc.<\/p>\n<p>Um Problemen mit Rohr- und Kanalleitungen vorzubeugen, reinigen und inspizieren wir diese regelm\u00e4\u00dfig (die H\u00e4ufigkeit h\u00e4ngt hier von der Benutzung ab), auch in gemeinsamer \u00dcberlegung mit dem Geb\u00e4ude- oder ohnkomplexbesitzer.<\/p>\n<p>Geruchsbel\u00e4stigung durch offene Anschl\u00fcsse und Leitungsbr\u00fcche werden von uns gesucht und wahrschei<\/p>\n\n\t\t<\/div> \n\t<\/div> \n\t\t<\/div> \n\t<\/div> \n\n\t<div class=\"vc_col-sm-4 wpb_column vc_column_container \">\n\t\t<div class=\"wpb_wrapper\">\n\t\t\t\n\t<div class=\"wpb_text_column wpb_content_element \">\n\t\t<div class=\"wpb_wrapper\">\n\t\t\t<p><img decoding=\"async\" class=\"alignright size-medium wp-image-159\" src=\"http:\/\/roovers-rioolreiniging.nl\/de\/wp-content\/uploads\/2015\/01\/P1070664-300x225.jpg\" alt=\"Ontstopping riolering\" width=\"100%\" height=\"100%\" srcset=\"https:\/\/www.roovers-rioolreiniging.nl\/de\/wp-content\/uploads\/2015\/01\/P1070664-300x225.jpg 300w, https:\/\/www.roovers-rioolreiniging.nl\/de\/wp-content\/uploads\/2015\/01\/P1070664-1024x768.jpg 1024w\" sizes=\"(max-width: 300px) 100vw, 300px\" \/><\/p>\n\n\t\t<\/div> \n\t<\/div> \n\t\t<\/div> \n\t<\/div> \n<\/div><div class=\"vc_row-full-width\"><\/div>\n","protected":false},"excerpt":{"rendered":"Da Wohnungen Rohrleitungen oft gemeinsam benutzen Verbundrohrleitungsanlage), k\u00f6nnen die Leitungen fr\u00fcher und schneller verschmutzen. Beispiele hierf\u00fcr sind Flachbauten, Bungalowanlagen, Reihenh\u00e4user, langfristig leerstehende Wohnungen etc. Um Problemen mit Rohr- und Kanalleitungen vorzubeugen, reinigen und inspizieren wir diese regelm\u00e4\u00dfig (die H\u00e4ufigkeit h\u00e4ngt hier von der Benutzung ab), auch in gemeinsamer \u00dcberlegung mit dem Geb\u00e4ude- oder ohnkomplexbesitzer. Geruchsbel\u00e4stigung [...]","protected":false},"author":2,"featured_media":0,"parent":21,"menu_order":0,"comment_status":"open","ping_status":"open","template":"","meta":{"footnotes":""},"class_list":["post-31","page","type-page","status-publish","hentry"],"yoast_head":"<!-- This site is optimized with the Yoast SEO plugin v26.8 - https:\/\/yoast.com\/product\/yoast-seo-wordpress\/ -->\n<title>Problemen mit Rohr- und Kanalleitungen - Roovers Rioolreiniging (DE)<\/title>\n<meta name=\"description\" content=\"Um Problemen mit Rohr- und Kanalleitungen vorzubeugen, reinigen und inspizieren wir diese regelm\u00e4\u00dfig.\" \/>\n<meta name=\"robots\" content=\"index, follow, max-snippet:-1, max-image-preview:large, max-video-preview:-1\" \/>\n<link rel=\"canonical\" href=\"https:\/\/www.roovers-rioolreiniging.nl\/de\/unsere-leistungen\/rohr-und-kanalleitungen\/\" \/>\n<meta property=\"og:locale\" content=\"nl_NL\" \/>\n<meta property=\"og:type\" content=\"article\" \/>\n<meta property=\"og:title\" content=\"Problemen mit Rohr- und Kanalleitungen - Roovers Rioolreiniging (DE)\" \/>\n<meta property=\"og:description\" content=\"Um Problemen mit Rohr- und Kanalleitungen vorzubeugen, reinigen und inspizieren wir diese regelm\u00e4\u00dfig.\" \/>\n<meta property=\"og:url\" content=\"https:\/\/www.roovers-rioolreiniging.nl\/de\/unsere-leistungen\/rohr-und-kanalleitungen\/\" \/>\n<meta property=\"og:site_name\" content=\"Roovers Rioolreiniging (DE)\" \/>\n<meta property=\"article:modified_time\" content=\"2015-02-04T12:08:05+00:00\" \/>\n<meta property=\"og:image\" content=\"http:\/\/roovers-rioolreiniging.nl\/de\/wp-content\/uploads\/2015\/01\/P1070664-300x225.jpg\" \/>\n<meta name=\"twitter:label1\" content=\"Geschatte leestijd\" \/>\n\t<meta name=\"twitter:data1\" content=\"1 minuut\" \/>\n<script type=\"application\/ld+json\" class=\"yoast-schema-graph\">{\"@context\":\"https:\/\/schema.org\",\"@graph\":[{\"@type\":\"WebPage\",\"@id\":\"https:\/\/www.roovers-rioolreiniging.nl\/de\/unsere-leistungen\/rohr-und-kanalleitungen\/\",\"url\":\"https:\/\/www.roovers-rioolreiniging.nl\/de\/unsere-leistungen\/rohr-und-kanalleitungen\/\",\"name\":\"Problemen mit Rohr- und Kanalleitungen - Roovers Rioolreiniging (DE)\",\"isPartOf\":{\"@id\":\"https:\/\/www.roovers-rioolreiniging.nl\/de\/#website\"},\"primaryImageOfPage\":{\"@id\":\"https:\/\/www.roovers-rioolreiniging.nl\/de\/unsere-leistungen\/rohr-und-kanalleitungen\/#primaryimage\"},\"image\":{\"@id\":\"https:\/\/www.roovers-rioolreiniging.nl\/de\/unsere-leistungen\/rohr-und-kanalleitungen\/#primaryimage\"},\"thumbnailUrl\":\"http:\/\/roovers-rioolreiniging.nl\/de\/wp-content\/uploads\/2015\/01\/P1070664-300x225.jpg\",\"datePublished\":\"2014-12-12T08:49:48+00:00\",\"dateModified\":\"2015-02-04T12:08:05+00:00\",\"description\":\"Um Problemen mit Rohr- und Kanalleitungen vorzubeugen, reinigen und inspizieren wir diese regelm\u00e4\u00dfig.\",\"breadcrumb\":{\"@id\":\"https:\/\/www.roovers-rioolreiniging.nl\/de\/unsere-leistungen\/rohr-und-kanalleitungen\/#breadcrumb\"},\"inLanguage\":\"nl-NL\",\"potentialAction\":[{\"@type\":\"ReadAction\",\"target\":[\"https:\/\/www.roovers-rioolreiniging.nl\/de\/unsere-leistungen\/rohr-und-kanalleitungen\/\"]}]},{\"@type\":\"ImageObject\",\"inLanguage\":\"nl-NL\",\"@id\":\"https:\/\/www.roovers-rioolreiniging.nl\/de\/unsere-leistungen\/rohr-und-kanalleitungen\/#primaryimage\",\"url\":\"http:\/\/roovers-rioolreiniging.nl\/de\/wp-content\/uploads\/2015\/01\/P1070664-300x225.jpg\",\"contentUrl\":\"http:\/\/roovers-rioolreiniging.nl\/de\/wp-content\/uploads\/2015\/01\/P1070664-300x225.jpg\"},{\"@type\":\"BreadcrumbList\",\"@id\":\"https:\/\/www.roovers-rioolreiniging.nl\/de\/unsere-leistungen\/rohr-und-kanalleitungen\/#breadcrumb\",\"itemListElement\":[{\"@type\":\"ListItem\",\"position\":1,\"name\":\"Home\",\"item\":\"https:\/\/www.roovers-rioolreiniging.nl\/de\/\"},{\"@type\":\"ListItem\",\"position\":2,\"name\":\"Unsere leistungen\",\"item\":\"https:\/\/www.roovers-rioolreiniging.nl\/de\/unsere-leistungen\/\"},{\"@type\":\"ListItem\",\"position\":3,\"name\":\"Problemen mit Rohr- und Kanalleitungen\"}]},{\"@type\":\"WebSite\",\"@id\":\"https:\/\/www.roovers-rioolreiniging.nl\/de\/#website\",\"url\":\"https:\/\/www.roovers-rioolreiniging.nl\/de\/\",\"name\":\"Roovers Rioolreiniging (DE)\",\"description\":\"Kanalarbeiten\",\"potentialAction\":[{\"@type\":\"SearchAction\",\"target\":{\"@type\":\"EntryPoint\",\"urlTemplate\":\"https:\/\/www.roovers-rioolreiniging.nl\/de\/?s={search_term_string}\"},\"query-input\":{\"@type\":\"PropertyValueSpecification\",\"valueRequired\":true,\"valueName\":\"search_term_string\"}}],\"inLanguage\":\"nl-NL\"}]}<\/script>\n<!-- \/ Yoast SEO plugin. -->","yoast_head_json":{"title":"Problemen mit Rohr- und Kanalleitungen - Roovers Rioolreiniging (DE)","description":"Um Problemen mit Rohr- und Kanalleitungen vorzubeugen, reinigen und inspizieren wir diese regelm\u00e4\u00dfig.","robots":{"index":"index","follow":"follow","max-snippet":"max-snippet:-1","max-image-preview":"max-image-preview:large","max-video-preview":"max-video-preview:-1"},"canonical":"https:\/\/www.roovers-rioolreiniging.nl\/de\/unsere-leistungen\/rohr-und-kanalleitungen\/","og_locale":"nl_NL","og_type":"article","og_title":"Problemen mit Rohr- und Kanalleitungen - Roovers Rioolreiniging (DE)","og_description":"Um Problemen mit Rohr- und Kanalleitungen vorzubeugen, reinigen und inspizieren wir diese regelm\u00e4\u00dfig.","og_url":"https:\/\/www.roovers-rioolreiniging.nl\/de\/unsere-leistungen\/rohr-und-kanalleitungen\/","og_site_name":"Roovers Rioolreiniging (DE)","article_modified_time":"2015-02-04T12:08:05+00:00","og_image":[{"url":"http:\/\/roovers-rioolreiniging.nl\/de\/wp-content\/uploads\/2015\/01\/P1070664-300x225.jpg","type":"","width":"","height":""}],"twitter_misc":{"Geschatte leestijd":"1 minuut"},"schema":{"@context":"https:\/\/schema.org","@graph":[{"@type":"WebPage","@id":"https:\/\/www.roovers-rioolreiniging.nl\/de\/unsere-leistungen\/rohr-und-kanalleitungen\/","url":"https:\/\/www.roovers-rioolreiniging.nl\/de\/unsere-leistungen\/rohr-und-kanalleitungen\/","name":"Problemen mit Rohr- und Kanalleitungen - Roovers Rioolreiniging (DE)","isPartOf":{"@id":"https:\/\/www.roovers-rioolreiniging.nl\/de\/#website"},"primaryImageOfPage":{"@id":"https:\/\/www.roovers-rioolreiniging.nl\/de\/unsere-leistungen\/rohr-und-kanalleitungen\/#primaryimage"},"image":{"@id":"https:\/\/www.roovers-rioolreiniging.nl\/de\/unsere-leistungen\/rohr-und-kanalleitungen\/#primaryimage"},"thumbnailUrl":"http:\/\/roovers-rioolreiniging.nl\/de\/wp-content\/uploads\/2015\/01\/P1070664-300x225.jpg","datePublished":"2014-12-12T08:49:48+00:00","dateModified":"2015-02-04T12:08:05+00:00","description":"Um Problemen mit Rohr- und Kanalleitungen vorzubeugen, reinigen und inspizieren wir diese regelm\u00e4\u00dfig.","breadcrumb":{"@id":"https:\/\/www.roovers-rioolreiniging.nl\/de\/unsere-leistungen\/rohr-und-kanalleitungen\/#breadcrumb"},"inLanguage":"nl-NL","potentialAction":[{"@type":"ReadAction","target":["https:\/\/www.roovers-rioolreiniging.nl\/de\/unsere-leistungen\/rohr-und-kanalleitungen\/"]}]},{"@type":"ImageObject","inLanguage":"nl-NL","@id":"https:\/\/www.roovers-rioolreiniging.nl\/de\/unsere-leistungen\/rohr-und-kanalleitungen\/#primaryimage","url":"http:\/\/roovers-rioolreiniging.nl\/de\/wp-content\/uploads\/2015\/01\/P1070664-300x225.jpg","contentUrl":"http:\/\/roovers-rioolreiniging.nl\/de\/wp-content\/uploads\/2015\/01\/P1070664-300x225.jpg"},{"@type":"BreadcrumbList","@id":"https:\/\/www.roovers-rioolreiniging.nl\/de\/unsere-leistungen\/rohr-und-kanalleitungen\/#breadcrumb","itemListElement":[{"@type":"ListItem","position":1,"name":"Home","item":"https:\/\/www.roovers-rioolreiniging.nl\/de\/"},{"@type":"ListItem","position":2,"name":"Unsere leistungen","item":"https:\/\/www.roovers-rioolreiniging.nl\/de\/unsere-leistungen\/"},{"@type":"ListItem","position":3,"name":"Problemen mit Rohr- und Kanalleitungen"}]},{"@type":"WebSite","@id":"https:\/\/www.roovers-rioolreiniging.nl\/de\/#website","url":"https:\/\/www.roovers-rioolreiniging.nl\/de\/","name":"Roovers Rioolreiniging (DE)","description":"Kanalarbeiten","potentialAction":[{"@type":"SearchAction","target":{"@type":"EntryPoint","urlTemplate":"https:\/\/www.roovers-rioolreiniging.nl\/de\/?s={search_term_string}"},"query-input":{"@type":"PropertyValueSpecification","valueRequired":true,"valueName":"search_term_string"}}],"inLanguage":"nl-NL"}]}},"_links":{"self":[{"href":"https:\/\/www.roovers-rioolreiniging.nl\/de\/wp-json\/wp\/v2\/pages\/31","targetHints":{"allow":["GET"]}}],"collection":[{"href":"https:\/\/www.roovers-rioolreiniging.nl\/de\/wp-json\/wp\/v2\/pages"}],"about":[{"href":"https:\/\/www.roovers-rioolreiniging.nl\/de\/wp-json\/wp\/v2\/types\/page"}],"author":[{"embeddable":true,"href":"https:\/\/www.roovers-rioolreiniging.nl\/de\/wp-json\/wp\/v2\/users\/2"}],"replies":[{"embeddable":true,"href":"https:\/\/www.roovers-rioolreiniging.nl\/de\/wp-json\/wp\/v2\/comments?post=31"}],"version-history":[{"count":2,"href":"https:\/\/www.roovers-rioolreiniging.nl\/de\/wp-json\/wp\/v2\/pages\/31\/revisions"}],"predecessor-version":[{"id":400,"href":"https:\/\/www.roovers-rioolreiniging.nl\/de\/wp-json\/wp\/v2\/pages\/31\/revisions\/400"}],"up":[{"embeddable":true,"href":"https:\/\/www.roovers-rioolreiniging.nl\/de\/wp-json\/wp\/v2\/pages\/21"}],"wp:attachment":[{"href":"https:\/\/www.roovers-rioolreiniging.nl\/de\/wp-json\/wp\/v2\/media?parent=31"}],"curies":[{"name":"wp","href":"https:\/\/api.w.org\/{rel}","templated":true}]}}