{"id":35,"date":"2014-12-12T08:50:14","date_gmt":"2014-12-12T08:50:14","guid":{"rendered":"http:\/\/roovers-rioolreiniging.nl\/?page_id=35"},"modified":"2015-02-04T10:41:50","modified_gmt":"2015-02-04T10:41:50","slug":"reparaturen-renovierungsarbeiten","status":"publish","type":"page","link":"https:\/\/www.roovers-rioolreiniging.nl\/de\/unsere-leistungen\/reparaturen-renovierungsarbeiten\/","title":{"rendered":"Reparaturen \/ Renovierungsarbeiten"},"content":{"rendered":"\t<div class=\"vc_row wpb_row vc_row-fluid\"  >\n\t<div class=\"vc_col-sm-8 wpb_column vc_column_container \">\n\t\t<div class=\"wpb_wrapper\">\n\t\t\t\n\t<div class=\"wpb_text_column wpb_content_element \">\n\t\t<div class=\"wpb_wrapper\">\n\t\t\t<p>Es kommt nat\u00fcrlich vor, dass Rohr- und Kanalleitungen gerissen, gebrochen, veraltet sind oder komplett erneuert werden m\u00fcssen. Unsere spezialisierten und fachkundigen Monteure beraten Sie gerne, um die f\u00fcr Sie beste L\u00f6sung zu finden. Weiterhin f\u00fchren wir Reparaturen oder Renovierungen f\u00fcr Sie aus. Seien Sie versichert, dass Sie danach Ihre Rohrleitungen jahrelang wieder ohne Probleme benutzen k\u00f6nnen. Wir erledigen Stemm- und Abbrucharbeiten, Erdarbeiten, Wiederherstellung von Pflasterung, Abtragung von Schotter und \u00fcbersch\u00fcssigem Boden, die anschlie\u00dfenden Aufr\u00e4umungsarbeiten und der Abtransport erfolgen ebenfalls uns. Jede Art von Rohr- und Kanalleitungsverlegung oder -austausch ist bei uns in guten H\u00e4nden.<\/p>\n\n\t\t<\/div> \n\t<\/div> \n\t\t<\/div> \n\t<\/div> \n\n\t<div class=\"vc_col-sm-4 wpb_column vc_column_container \">\n\t\t<div class=\"wpb_wrapper\">\n\t\t\t\n\t<div class=\"wpb_text_column wpb_content_element \">\n\t\t<div class=\"wpb_wrapper\">\n\t\t\t<p><img decoding=\"async\" class=\"alignnone size-large wp-image-155\" src=\"http:\/\/roovers-rioolreiniging.nl\/de\/wp-content\/uploads\/2015\/01\/Afb0029-768x1024.jpg\" alt=\"Reparaturen \/ Renovierungsarbeiten\" width=\"100%\" height=\"100%\" srcset=\"https:\/\/www.roovers-rioolreiniging.nl\/de\/wp-content\/uploads\/2015\/01\/Afb0029-768x1024.jpg 768w, https:\/\/www.roovers-rioolreiniging.nl\/de\/wp-content\/uploads\/2015\/01\/Afb0029-225x300.jpg 225w, https:\/\/www.roovers-rioolreiniging.nl\/de\/wp-content\/uploads\/2015\/01\/Afb0029.jpg 1200w\" sizes=\"(max-width: 768px) 100vw, 768px\" \/><\/p>\n\n\t\t<\/div> \n\t<\/div> \n\t\t<\/div> \n\t<\/div> \n<\/div><div class=\"vc_row-full-width\"><\/div>\n","protected":false},"excerpt":{"rendered":"Es kommt nat\u00fcrlich vor, dass Rohr- und Kanalleitungen gerissen, gebrochen, veraltet sind oder komplett erneuert werden m\u00fcssen. Unsere spezialisierten und fachkundigen Monteure beraten Sie gerne, um die f\u00fcr Sie beste L\u00f6sung zu finden. Weiterhin f\u00fchren wir Reparaturen oder Renovierungen f\u00fcr Sie aus. Seien Sie versichert, dass Sie danach Ihre Rohrleitungen jahrelang wieder ohne Probleme benutzen [...]","protected":false},"author":2,"featured_media":0,"parent":21,"menu_order":0,"comment_status":"open","ping_status":"open","template":"","meta":{"footnotes":""},"class_list":["post-35","page","type-page","status-publish","hentry"],"yoast_head":"<!-- This site is optimized with the Yoast SEO plugin v26.8 - https:\/\/yoast.com\/product\/yoast-seo-wordpress\/ -->\n<title>Reparaturen \/ Renovierungsarbeiten - Roovers Rioolreiniging (DE)<\/title>\n<meta name=\"description\" content=\"Wir f\u00fchren Reparaturen oder Renovierungen f\u00fcr Sie aus. Seien Sie versichert, dass Sie danach Ihre Rohrleitungen jahrelang ohne Probleme benutzen k\u00f6nnen.\" \/>\n<meta name=\"robots\" content=\"index, follow, max-snippet:-1, max-image-preview:large, max-video-preview:-1\" \/>\n<link rel=\"canonical\" href=\"http:\/\/www.roovers-rioolreiniging.nl\/de\/unsere-leistungen\/reparaturen-renovierungsarbeiten\/\" \/>\n<meta property=\"og:locale\" content=\"nl_NL\" \/>\n<meta property=\"og:type\" content=\"article\" \/>\n<meta property=\"og:title\" content=\"Reparaturen \/ Renovierungsarbeiten - Roovers Rioolreiniging (DE)\" \/>\n<meta property=\"og:description\" content=\"Wir f\u00fchren Reparaturen oder Renovierungen f\u00fcr Sie aus. Seien Sie versichert, dass Sie danach Ihre Rohrleitungen jahrelang ohne Probleme benutzen k\u00f6nnen.\" \/>\n<meta property=\"og:url\" content=\"http:\/\/www.roovers-rioolreiniging.nl\/de\/unsere-leistungen\/reparaturen-renovierungsarbeiten\/\" \/>\n<meta property=\"og:site_name\" content=\"Roovers Rioolreiniging (DE)\" \/>\n<meta property=\"article:modified_time\" content=\"2015-02-04T10:41:50+00:00\" \/>\n<meta property=\"og:image\" content=\"http:\/\/roovers-rioolreiniging.nl\/de\/wp-content\/uploads\/2015\/01\/Afb0029-768x1024.jpg\" \/>\n<meta name=\"twitter:label1\" content=\"Geschatte leestijd\" \/>\n\t<meta name=\"twitter:data1\" content=\"1 minuut\" \/>\n<script type=\"application\/ld+json\" class=\"yoast-schema-graph\">{\"@context\":\"https:\/\/schema.org\",\"@graph\":[{\"@type\":\"WebPage\",\"@id\":\"http:\/\/www.roovers-rioolreiniging.nl\/de\/unsere-leistungen\/reparaturen-renovierungsarbeiten\/\",\"url\":\"http:\/\/www.roovers-rioolreiniging.nl\/de\/unsere-leistungen\/reparaturen-renovierungsarbeiten\/\",\"name\":\"Reparaturen \/ Renovierungsarbeiten - Roovers Rioolreiniging (DE)\",\"isPartOf\":{\"@id\":\"https:\/\/www.roovers-rioolreiniging.nl\/de\/#website\"},\"primaryImageOfPage\":{\"@id\":\"http:\/\/www.roovers-rioolreiniging.nl\/de\/unsere-leistungen\/reparaturen-renovierungsarbeiten\/#primaryimage\"},\"image\":{\"@id\":\"http:\/\/www.roovers-rioolreiniging.nl\/de\/unsere-leistungen\/reparaturen-renovierungsarbeiten\/#primaryimage\"},\"thumbnailUrl\":\"http:\/\/roovers-rioolreiniging.nl\/de\/wp-content\/uploads\/2015\/01\/Afb0029-768x1024.jpg\",\"datePublished\":\"2014-12-12T08:50:14+00:00\",\"dateModified\":\"2015-02-04T10:41:50+00:00\",\"description\":\"Wir f\u00fchren Reparaturen oder Renovierungen f\u00fcr Sie aus. Seien Sie versichert, dass Sie danach Ihre Rohrleitungen jahrelang ohne Probleme benutzen k\u00f6nnen.\",\"breadcrumb\":{\"@id\":\"http:\/\/www.roovers-rioolreiniging.nl\/de\/unsere-leistungen\/reparaturen-renovierungsarbeiten\/#breadcrumb\"},\"inLanguage\":\"nl-NL\",\"potentialAction\":[{\"@type\":\"ReadAction\",\"target\":[\"http:\/\/www.roovers-rioolreiniging.nl\/de\/unsere-leistungen\/reparaturen-renovierungsarbeiten\/\"]}]},{\"@type\":\"ImageObject\",\"inLanguage\":\"nl-NL\",\"@id\":\"http:\/\/www.roovers-rioolreiniging.nl\/de\/unsere-leistungen\/reparaturen-renovierungsarbeiten\/#primaryimage\",\"url\":\"http:\/\/roovers-rioolreiniging.nl\/de\/wp-content\/uploads\/2015\/01\/Afb0029-768x1024.jpg\",\"contentUrl\":\"http:\/\/roovers-rioolreiniging.nl\/de\/wp-content\/uploads\/2015\/01\/Afb0029-768x1024.jpg\"},{\"@type\":\"BreadcrumbList\",\"@id\":\"http:\/\/www.roovers-rioolreiniging.nl\/de\/unsere-leistungen\/reparaturen-renovierungsarbeiten\/#breadcrumb\",\"itemListElement\":[{\"@type\":\"ListItem\",\"position\":1,\"name\":\"Home\",\"item\":\"https:\/\/www.roovers-rioolreiniging.nl\/de\/\"},{\"@type\":\"ListItem\",\"position\":2,\"name\":\"Unsere leistungen\",\"item\":\"https:\/\/www.roovers-rioolreiniging.nl\/de\/unsere-leistungen\/\"},{\"@type\":\"ListItem\",\"position\":3,\"name\":\"Reparaturen \/ Renovierungsarbeiten\"}]},{\"@type\":\"WebSite\",\"@id\":\"https:\/\/www.roovers-rioolreiniging.nl\/de\/#website\",\"url\":\"https:\/\/www.roovers-rioolreiniging.nl\/de\/\",\"name\":\"Roovers Rioolreiniging (DE)\",\"description\":\"Kanalarbeiten\",\"potentialAction\":[{\"@type\":\"SearchAction\",\"target\":{\"@type\":\"EntryPoint\",\"urlTemplate\":\"https:\/\/www.roovers-rioolreiniging.nl\/de\/?s={search_term_string}\"},\"query-input\":{\"@type\":\"PropertyValueSpecification\",\"valueRequired\":true,\"valueName\":\"search_term_string\"}}],\"inLanguage\":\"nl-NL\"}]}<\/script>\n<!-- \/ Yoast SEO plugin. -->","yoast_head_json":{"title":"Reparaturen \/ Renovierungsarbeiten - Roovers Rioolreiniging (DE)","description":"Wir f\u00fchren Reparaturen oder Renovierungen f\u00fcr Sie aus. Seien Sie versichert, dass Sie danach Ihre Rohrleitungen jahrelang ohne Probleme benutzen k\u00f6nnen.","robots":{"index":"index","follow":"follow","max-snippet":"max-snippet:-1","max-image-preview":"max-image-preview:large","max-video-preview":"max-video-preview:-1"},"canonical":"http:\/\/www.roovers-rioolreiniging.nl\/de\/unsere-leistungen\/reparaturen-renovierungsarbeiten\/","og_locale":"nl_NL","og_type":"article","og_title":"Reparaturen \/ Renovierungsarbeiten - Roovers Rioolreiniging (DE)","og_description":"Wir f\u00fchren Reparaturen oder Renovierungen f\u00fcr Sie aus. Seien Sie versichert, dass Sie danach Ihre Rohrleitungen jahrelang ohne Probleme benutzen k\u00f6nnen.","og_url":"http:\/\/www.roovers-rioolreiniging.nl\/de\/unsere-leistungen\/reparaturen-renovierungsarbeiten\/","og_site_name":"Roovers Rioolreiniging (DE)","article_modified_time":"2015-02-04T10:41:50+00:00","og_image":[{"url":"http:\/\/roovers-rioolreiniging.nl\/de\/wp-content\/uploads\/2015\/01\/Afb0029-768x1024.jpg","type":"","width":"","height":""}],"twitter_misc":{"Geschatte leestijd":"1 minuut"},"schema":{"@context":"https:\/\/schema.org","@graph":[{"@type":"WebPage","@id":"http:\/\/www.roovers-rioolreiniging.nl\/de\/unsere-leistungen\/reparaturen-renovierungsarbeiten\/","url":"http:\/\/www.roovers-rioolreiniging.nl\/de\/unsere-leistungen\/reparaturen-renovierungsarbeiten\/","name":"Reparaturen \/ Renovierungsarbeiten - Roovers Rioolreiniging (DE)","isPartOf":{"@id":"https:\/\/www.roovers-rioolreiniging.nl\/de\/#website"},"primaryImageOfPage":{"@id":"http:\/\/www.roovers-rioolreiniging.nl\/de\/unsere-leistungen\/reparaturen-renovierungsarbeiten\/#primaryimage"},"image":{"@id":"http:\/\/www.roovers-rioolreiniging.nl\/de\/unsere-leistungen\/reparaturen-renovierungsarbeiten\/#primaryimage"},"thumbnailUrl":"http:\/\/roovers-rioolreiniging.nl\/de\/wp-content\/uploads\/2015\/01\/Afb0029-768x1024.jpg","datePublished":"2014-12-12T08:50:14+00:00","dateModified":"2015-02-04T10:41:50+00:00","description":"Wir f\u00fchren Reparaturen oder Renovierungen f\u00fcr Sie aus. Seien Sie versichert, dass Sie danach Ihre Rohrleitungen jahrelang ohne Probleme benutzen k\u00f6nnen.","breadcrumb":{"@id":"http:\/\/www.roovers-rioolreiniging.nl\/de\/unsere-leistungen\/reparaturen-renovierungsarbeiten\/#breadcrumb"},"inLanguage":"nl-NL","potentialAction":[{"@type":"ReadAction","target":["http:\/\/www.roovers-rioolreiniging.nl\/de\/unsere-leistungen\/reparaturen-renovierungsarbeiten\/"]}]},{"@type":"ImageObject","inLanguage":"nl-NL","@id":"http:\/\/www.roovers-rioolreiniging.nl\/de\/unsere-leistungen\/reparaturen-renovierungsarbeiten\/#primaryimage","url":"http:\/\/roovers-rioolreiniging.nl\/de\/wp-content\/uploads\/2015\/01\/Afb0029-768x1024.jpg","contentUrl":"http:\/\/roovers-rioolreiniging.nl\/de\/wp-content\/uploads\/2015\/01\/Afb0029-768x1024.jpg"},{"@type":"BreadcrumbList","@id":"http:\/\/www.roovers-rioolreiniging.nl\/de\/unsere-leistungen\/reparaturen-renovierungsarbeiten\/#breadcrumb","itemListElement":[{"@type":"ListItem","position":1,"name":"Home","item":"https:\/\/www.roovers-rioolreiniging.nl\/de\/"},{"@type":"ListItem","position":2,"name":"Unsere leistungen","item":"https:\/\/www.roovers-rioolreiniging.nl\/de\/unsere-leistungen\/"},{"@type":"ListItem","position":3,"name":"Reparaturen \/ Renovierungsarbeiten"}]},{"@type":"WebSite","@id":"https:\/\/www.roovers-rioolreiniging.nl\/de\/#website","url":"https:\/\/www.roovers-rioolreiniging.nl\/de\/","name":"Roovers Rioolreiniging (DE)","description":"Kanalarbeiten","potentialAction":[{"@type":"SearchAction","target":{"@type":"EntryPoint","urlTemplate":"https:\/\/www.roovers-rioolreiniging.nl\/de\/?s={search_term_string}"},"query-input":{"@type":"PropertyValueSpecification","valueRequired":true,"valueName":"search_term_string"}}],"inLanguage":"nl-NL"}]}},"_links":{"self":[{"href":"https:\/\/www.roovers-rioolreiniging.nl\/de\/wp-json\/wp\/v2\/pages\/35","targetHints":{"allow":["GET"]}}],"collection":[{"href":"https:\/\/www.roovers-rioolreiniging.nl\/de\/wp-json\/wp\/v2\/pages"}],"about":[{"href":"https:\/\/www.roovers-rioolreiniging.nl\/de\/wp-json\/wp\/v2\/types\/page"}],"author":[{"embeddable":true,"href":"https:\/\/www.roovers-rioolreiniging.nl\/de\/wp-json\/wp\/v2\/users\/2"}],"replies":[{"embeddable":true,"href":"https:\/\/www.roovers-rioolreiniging.nl\/de\/wp-json\/wp\/v2\/comments?post=35"}],"version-history":[{"count":3,"href":"https:\/\/www.roovers-rioolreiniging.nl\/de\/wp-json\/wp\/v2\/pages\/35\/revisions"}],"predecessor-version":[{"id":392,"href":"https:\/\/www.roovers-rioolreiniging.nl\/de\/wp-json\/wp\/v2\/pages\/35\/revisions\/392"}],"up":[{"embeddable":true,"href":"https:\/\/www.roovers-rioolreiniging.nl\/de\/wp-json\/wp\/v2\/pages\/21"}],"wp:attachment":[{"href":"https:\/\/www.roovers-rioolreiniging.nl\/de\/wp-json\/wp\/v2\/media?parent=35"}],"curies":[{"name":"wp","href":"https:\/\/api.w.org\/{rel}","templated":true}]}}