{"id":37,"date":"2014-12-12T08:50:20","date_gmt":"2014-12-12T08:50:20","guid":{"rendered":"http:\/\/roovers-rioolreiniging.nl\/?page_id=37"},"modified":"2015-02-04T10:37:59","modified_gmt":"2015-02-04T10:37:59","slug":"pflasterarbeiten","status":"publish","type":"page","link":"https:\/\/www.roovers-rioolreiniging.nl\/de\/unsere-leistungen\/pflasterarbeiten\/","title":{"rendered":"Pflasterarbeiten"},"content":{"rendered":"<div class=\"vc_row wpb_row vc_row-fluid\"  >\n\t<div class=\"vc_col-sm-8 wpb_column vc_column_container \">\n\t\t<div class=\"wpb_wrapper\">\n\t\t\t\n\t<div class=\"wpb_text_column wpb_content_element \">\n\t\t<div class=\"wpb_wrapper\">\n\t\t\t<p>Bei Arbeiten an der Kanalisation kann zuvor die Entfernung von vorhandener Pflasterung auf einer Zufahrt oder Terrasse notwendig werden. Die Pflasterung wird von uns wiederhergestellt. Oft beschlie\u00dfen unsere Kunden auch die Verlegung einer neuen Pflasterung. Auch diese Arbeit kann von uns durchgef\u00fchrt werden; unsere Monteure k\u00f6nnen Ihnen eventuell bei der Auswahl hinsichtlich des Untergrunds und der Steinsorte helfen.<\/p>\n\n\t\t<\/div> \n\t<\/div> \n\t\t<\/div> \n\t<\/div> \n\n\t<div class=\"vc_col-sm-4 wpb_column vc_column_container \">\n\t\t<div class=\"wpb_wrapper\">\n\t\t\t\n\t<div class=\"wpb_text_column wpb_content_element \">\n\t\t<div class=\"wpb_wrapper\">\n\t\t\t<p><img decoding=\"async\" class=\"alignnone size-large wp-image-253\" src=\"http:\/\/roovers-rioolreiniging.nl\/de\/wp-content\/uploads\/2015\/01\/bestrating_01-1024x768.jpg\" alt=\"Pflasterarbeiten\" width=\"100%\" height=\"100%\" srcset=\"https:\/\/www.roovers-rioolreiniging.nl\/de\/wp-content\/uploads\/2015\/01\/bestrating_01.jpg 1024w, https:\/\/www.roovers-rioolreiniging.nl\/de\/wp-content\/uploads\/2015\/01\/bestrating_01-300x225.jpg 300w\" sizes=\"(max-width: 1024px) 100vw, 1024px\" \/><\/p>\n\n\t\t<\/div> \n\t<\/div> \n\t<div class=\"wpb_text_column wpb_content_element \">\n\t\t<div class=\"wpb_wrapper\">\n\t\t\t<p><img decoding=\"async\" class=\"alignnone size-large wp-image-153\" src=\"http:\/\/roovers-rioolreiniging.nl\/de\/wp-content\/uploads\/2015\/01\/IMG297-1024x768.jpg\" alt=\"Pflasterarbeiten\" width=\"100% height=\" srcset=\"https:\/\/www.roovers-rioolreiniging.nl\/de\/wp-content\/uploads\/2015\/01\/IMG297-1024x768.jpg 1024w, https:\/\/www.roovers-rioolreiniging.nl\/de\/wp-content\/uploads\/2015\/01\/IMG297-300x225.jpg 300w, https:\/\/www.roovers-rioolreiniging.nl\/de\/wp-content\/uploads\/2015\/01\/IMG297.jpg 1280w\" sizes=\"(max-width: 1024px) 100vw, 1024px\" \/><\/p>\n\n\t\t<\/div> \n\t<\/div> \n\t\t<\/div> \n\t<\/div> \n<\/div><div class=\"vc_row-full-width\"><\/div>\t<div class=\"vc_row wpb_row vc_row-fluid\"  >\n\t<div class=\"vc_col-sm-4 wpb_column vc_column_container \">\n\t\t<div class=\"wpb_wrapper\">\n\t\t\t\n\t\t<\/div> \n\t<\/div> \n\n\t<div class=\"vc_col-sm-8 wpb_column vc_column_container \">\n\t\t<div class=\"wpb_wrapper\">\n\t\t\t\n\t\t<\/div> \n\t<\/div> \n<\/div><div class=\"vc_row-full-width\"><\/div>\n","protected":false},"excerpt":{"rendered":"Bei Arbeiten an der Kanalisation kann zuvor die Entfernung von vorhandener Pflasterung auf einer Zufahrt oder Terrasse notwendig werden. Die Pflasterung wird von uns wiederhergestellt. Oft beschlie\u00dfen unsere Kunden auch die Verlegung einer neuen Pflasterung. Auch diese Arbeit kann von uns durchgef\u00fchrt werden; unsere Monteure k\u00f6nnen Ihnen eventuell bei der Auswahl hinsichtlich des Untergrunds und [...]","protected":false},"author":2,"featured_media":0,"parent":21,"menu_order":0,"comment_status":"open","ping_status":"open","template":"","meta":{"footnotes":""},"class_list":["post-37","page","type-page","status-publish","hentry"],"yoast_head":"<!-- This site is optimized with the Yoast SEO plugin v26.8 - https:\/\/yoast.com\/product\/yoast-seo-wordpress\/ -->\n<title>Pflasterarbeiten - Roovers Rioolreiniging (DE)<\/title>\n<meta name=\"description\" content=\"Oft beschlie\u00dfen unsere Kunden auch die Verlegung einer neuen Pflasterung. Auch diese Arbeit kann von uns durchgef\u00fchrt werden.\" \/>\n<meta name=\"robots\" content=\"index, follow, max-snippet:-1, max-image-preview:large, max-video-preview:-1\" \/>\n<link rel=\"canonical\" href=\"https:\/\/www.roovers-rioolreiniging.nl\/de\/unsere-leistungen\/pflasterarbeiten\/\" \/>\n<meta property=\"og:locale\" content=\"nl_NL\" \/>\n<meta property=\"og:type\" content=\"article\" \/>\n<meta property=\"og:title\" content=\"Pflasterarbeiten - Roovers Rioolreiniging (DE)\" \/>\n<meta property=\"og:description\" content=\"Oft beschlie\u00dfen unsere Kunden auch die Verlegung einer neuen Pflasterung. Auch diese Arbeit kann von uns durchgef\u00fchrt werden.\" \/>\n<meta property=\"og:url\" content=\"https:\/\/www.roovers-rioolreiniging.nl\/de\/unsere-leistungen\/pflasterarbeiten\/\" \/>\n<meta property=\"og:site_name\" content=\"Roovers Rioolreiniging (DE)\" \/>\n<meta property=\"article:modified_time\" content=\"2015-02-04T10:37:59+00:00\" \/>\n<meta property=\"og:image\" content=\"http:\/\/roovers-rioolreiniging.nl\/de\/wp-content\/uploads\/2015\/01\/bestrating_01-1024x768.jpg\" \/>\n<meta name=\"twitter:label1\" content=\"Geschatte leestijd\" \/>\n\t<meta name=\"twitter:data1\" content=\"1 minuut\" \/>\n<script type=\"application\/ld+json\" class=\"yoast-schema-graph\">{\"@context\":\"https:\/\/schema.org\",\"@graph\":[{\"@type\":\"WebPage\",\"@id\":\"https:\/\/www.roovers-rioolreiniging.nl\/de\/unsere-leistungen\/pflasterarbeiten\/\",\"url\":\"https:\/\/www.roovers-rioolreiniging.nl\/de\/unsere-leistungen\/pflasterarbeiten\/\",\"name\":\"Pflasterarbeiten - Roovers Rioolreiniging (DE)\",\"isPartOf\":{\"@id\":\"https:\/\/www.roovers-rioolreiniging.nl\/de\/#website\"},\"primaryImageOfPage\":{\"@id\":\"https:\/\/www.roovers-rioolreiniging.nl\/de\/unsere-leistungen\/pflasterarbeiten\/#primaryimage\"},\"image\":{\"@id\":\"https:\/\/www.roovers-rioolreiniging.nl\/de\/unsere-leistungen\/pflasterarbeiten\/#primaryimage\"},\"thumbnailUrl\":\"http:\/\/roovers-rioolreiniging.nl\/de\/wp-content\/uploads\/2015\/01\/bestrating_01-1024x768.jpg\",\"datePublished\":\"2014-12-12T08:50:20+00:00\",\"dateModified\":\"2015-02-04T10:37:59+00:00\",\"description\":\"Oft beschlie\u00dfen unsere Kunden auch die Verlegung einer neuen Pflasterung. Auch diese Arbeit kann von uns durchgef\u00fchrt werden.\",\"breadcrumb\":{\"@id\":\"https:\/\/www.roovers-rioolreiniging.nl\/de\/unsere-leistungen\/pflasterarbeiten\/#breadcrumb\"},\"inLanguage\":\"nl-NL\",\"potentialAction\":[{\"@type\":\"ReadAction\",\"target\":[\"https:\/\/www.roovers-rioolreiniging.nl\/de\/unsere-leistungen\/pflasterarbeiten\/\"]}]},{\"@type\":\"ImageObject\",\"inLanguage\":\"nl-NL\",\"@id\":\"https:\/\/www.roovers-rioolreiniging.nl\/de\/unsere-leistungen\/pflasterarbeiten\/#primaryimage\",\"url\":\"http:\/\/roovers-rioolreiniging.nl\/de\/wp-content\/uploads\/2015\/01\/bestrating_01-1024x768.jpg\",\"contentUrl\":\"http:\/\/roovers-rioolreiniging.nl\/de\/wp-content\/uploads\/2015\/01\/bestrating_01-1024x768.jpg\"},{\"@type\":\"BreadcrumbList\",\"@id\":\"https:\/\/www.roovers-rioolreiniging.nl\/de\/unsere-leistungen\/pflasterarbeiten\/#breadcrumb\",\"itemListElement\":[{\"@type\":\"ListItem\",\"position\":1,\"name\":\"Home\",\"item\":\"https:\/\/www.roovers-rioolreiniging.nl\/de\/\"},{\"@type\":\"ListItem\",\"position\":2,\"name\":\"Unsere leistungen\",\"item\":\"https:\/\/www.roovers-rioolreiniging.nl\/de\/unsere-leistungen\/\"},{\"@type\":\"ListItem\",\"position\":3,\"name\":\"Pflasterarbeiten\"}]},{\"@type\":\"WebSite\",\"@id\":\"https:\/\/www.roovers-rioolreiniging.nl\/de\/#website\",\"url\":\"https:\/\/www.roovers-rioolreiniging.nl\/de\/\",\"name\":\"Roovers Rioolreiniging (DE)\",\"description\":\"Kanalarbeiten\",\"potentialAction\":[{\"@type\":\"SearchAction\",\"target\":{\"@type\":\"EntryPoint\",\"urlTemplate\":\"https:\/\/www.roovers-rioolreiniging.nl\/de\/?s={search_term_string}\"},\"query-input\":{\"@type\":\"PropertyValueSpecification\",\"valueRequired\":true,\"valueName\":\"search_term_string\"}}],\"inLanguage\":\"nl-NL\"}]}<\/script>\n<!-- \/ Yoast SEO plugin. -->","yoast_head_json":{"title":"Pflasterarbeiten - Roovers Rioolreiniging (DE)","description":"Oft beschlie\u00dfen unsere Kunden auch die Verlegung einer neuen Pflasterung. Auch diese Arbeit kann von uns durchgef\u00fchrt werden.","robots":{"index":"index","follow":"follow","max-snippet":"max-snippet:-1","max-image-preview":"max-image-preview:large","max-video-preview":"max-video-preview:-1"},"canonical":"https:\/\/www.roovers-rioolreiniging.nl\/de\/unsere-leistungen\/pflasterarbeiten\/","og_locale":"nl_NL","og_type":"article","og_title":"Pflasterarbeiten - Roovers Rioolreiniging (DE)","og_description":"Oft beschlie\u00dfen unsere Kunden auch die Verlegung einer neuen Pflasterung. Auch diese Arbeit kann von uns durchgef\u00fchrt werden.","og_url":"https:\/\/www.roovers-rioolreiniging.nl\/de\/unsere-leistungen\/pflasterarbeiten\/","og_site_name":"Roovers Rioolreiniging (DE)","article_modified_time":"2015-02-04T10:37:59+00:00","og_image":[{"url":"http:\/\/roovers-rioolreiniging.nl\/de\/wp-content\/uploads\/2015\/01\/bestrating_01-1024x768.jpg","type":"","width":"","height":""}],"twitter_misc":{"Geschatte leestijd":"1 minuut"},"schema":{"@context":"https:\/\/schema.org","@graph":[{"@type":"WebPage","@id":"https:\/\/www.roovers-rioolreiniging.nl\/de\/unsere-leistungen\/pflasterarbeiten\/","url":"https:\/\/www.roovers-rioolreiniging.nl\/de\/unsere-leistungen\/pflasterarbeiten\/","name":"Pflasterarbeiten - Roovers Rioolreiniging (DE)","isPartOf":{"@id":"https:\/\/www.roovers-rioolreiniging.nl\/de\/#website"},"primaryImageOfPage":{"@id":"https:\/\/www.roovers-rioolreiniging.nl\/de\/unsere-leistungen\/pflasterarbeiten\/#primaryimage"},"image":{"@id":"https:\/\/www.roovers-rioolreiniging.nl\/de\/unsere-leistungen\/pflasterarbeiten\/#primaryimage"},"thumbnailUrl":"http:\/\/roovers-rioolreiniging.nl\/de\/wp-content\/uploads\/2015\/01\/bestrating_01-1024x768.jpg","datePublished":"2014-12-12T08:50:20+00:00","dateModified":"2015-02-04T10:37:59+00:00","description":"Oft beschlie\u00dfen unsere Kunden auch die Verlegung einer neuen Pflasterung. Auch diese Arbeit kann von uns durchgef\u00fchrt werden.","breadcrumb":{"@id":"https:\/\/www.roovers-rioolreiniging.nl\/de\/unsere-leistungen\/pflasterarbeiten\/#breadcrumb"},"inLanguage":"nl-NL","potentialAction":[{"@type":"ReadAction","target":["https:\/\/www.roovers-rioolreiniging.nl\/de\/unsere-leistungen\/pflasterarbeiten\/"]}]},{"@type":"ImageObject","inLanguage":"nl-NL","@id":"https:\/\/www.roovers-rioolreiniging.nl\/de\/unsere-leistungen\/pflasterarbeiten\/#primaryimage","url":"http:\/\/roovers-rioolreiniging.nl\/de\/wp-content\/uploads\/2015\/01\/bestrating_01-1024x768.jpg","contentUrl":"http:\/\/roovers-rioolreiniging.nl\/de\/wp-content\/uploads\/2015\/01\/bestrating_01-1024x768.jpg"},{"@type":"BreadcrumbList","@id":"https:\/\/www.roovers-rioolreiniging.nl\/de\/unsere-leistungen\/pflasterarbeiten\/#breadcrumb","itemListElement":[{"@type":"ListItem","position":1,"name":"Home","item":"https:\/\/www.roovers-rioolreiniging.nl\/de\/"},{"@type":"ListItem","position":2,"name":"Unsere leistungen","item":"https:\/\/www.roovers-rioolreiniging.nl\/de\/unsere-leistungen\/"},{"@type":"ListItem","position":3,"name":"Pflasterarbeiten"}]},{"@type":"WebSite","@id":"https:\/\/www.roovers-rioolreiniging.nl\/de\/#website","url":"https:\/\/www.roovers-rioolreiniging.nl\/de\/","name":"Roovers Rioolreiniging (DE)","description":"Kanalarbeiten","potentialAction":[{"@type":"SearchAction","target":{"@type":"EntryPoint","urlTemplate":"https:\/\/www.roovers-rioolreiniging.nl\/de\/?s={search_term_string}"},"query-input":{"@type":"PropertyValueSpecification","valueRequired":true,"valueName":"search_term_string"}}],"inLanguage":"nl-NL"}]}},"_links":{"self":[{"href":"https:\/\/www.roovers-rioolreiniging.nl\/de\/wp-json\/wp\/v2\/pages\/37","targetHints":{"allow":["GET"]}}],"collection":[{"href":"https:\/\/www.roovers-rioolreiniging.nl\/de\/wp-json\/wp\/v2\/pages"}],"about":[{"href":"https:\/\/www.roovers-rioolreiniging.nl\/de\/wp-json\/wp\/v2\/types\/page"}],"author":[{"embeddable":true,"href":"https:\/\/www.roovers-rioolreiniging.nl\/de\/wp-json\/wp\/v2\/users\/2"}],"replies":[{"embeddable":true,"href":"https:\/\/www.roovers-rioolreiniging.nl\/de\/wp-json\/wp\/v2\/comments?post=37"}],"version-history":[{"count":2,"href":"https:\/\/www.roovers-rioolreiniging.nl\/de\/wp-json\/wp\/v2\/pages\/37\/revisions"}],"predecessor-version":[{"id":389,"href":"https:\/\/www.roovers-rioolreiniging.nl\/de\/wp-json\/wp\/v2\/pages\/37\/revisions\/389"}],"up":[{"embeddable":true,"href":"https:\/\/www.roovers-rioolreiniging.nl\/de\/wp-json\/wp\/v2\/pages\/21"}],"wp:attachment":[{"href":"https:\/\/www.roovers-rioolreiniging.nl\/de\/wp-json\/wp\/v2\/media?parent=37"}],"curies":[{"name":"wp","href":"https:\/\/api.w.org\/{rel}","templated":true}]}}