{"id":407,"date":"2015-02-04T13:58:30","date_gmt":"2015-02-04T13:58:30","guid":{"rendered":"http:\/\/roovers-rioolreiniging.nl\/de\/?page_id=407"},"modified":"2015-02-04T14:05:23","modified_gmt":"2015-02-04T14:05:23","slug":"suche","status":"publish","type":"page","link":"https:\/\/www.roovers-rioolreiniging.nl\/de\/unsere-leistungen\/suche\/","title":{"rendered":"Suche"},"content":{"rendered":"\t<div class=\"vc_row wpb_row vc_row-fluid\"  >\n\t<div class=\"vc_col-sm-6 wpb_column vc_column_container \">\n\t\t<div class=\"wpb_wrapper\">\n\t\t\t\n\t<div class=\"wpb_text_column wpb_content_element \">\n\t\t<div class=\"wpb_wrapper\">\n\t\t\t<p>Uns wird oft erz\u00e4hlt, dass schlechte Luft aus der Absaugung oder Gestank aus einem Schrank kommt, dass Ratten beobachtet werden oder eine Undichtheit besteht. Unsere Monteure kontrollieren die Rohrleitung f\u00fcr Sie und suchen nach der Ursache. Aufgrund ihrer Sachkenntnis k\u00f6nnen sie Ihnen sagen, wo die Ursachen f\u00fcr diese Beschwerden liegen. Wir k\u00f6nnen auch bei der Suche helfen, wo die Rohrleitungen unter der Erde verlegt sind, z.B. mit einem Suchger\u00e4t. Wurde Wurzelwuchs in der Leitung festgestellt? Wo und wie liegt da die L\u00f6sung? TV-Pr\u00fcfung zur Untersuchung der Rohrleitung vom Innenraum heraus kann eine Alternative sein. Gibt es vielleicht Br\u00fcche in der Leitung? Stimmt etwas mit der Bel\u00fcftung nicht?<\/p>\n\n\t\t<\/div> \n\t<\/div> \n\t\t<\/div> \n\t<\/div> \n\n\t<div class=\"vc_col-sm-6 wpb_column vc_column_container \">\n\t\t<div class=\"wpb_wrapper\">\n\t\t\t\n\t<div class=\"wpb_text_column wpb_content_element \">\n\t\t<div class=\"wpb_wrapper\">\n\t\t\t<p><img decoding=\"async\" class=\"alignnone size-large wp-image-159\" src=\"http:\/\/roovers-rioolreiniging.nl\/de\/wp-content\/uploads\/2015\/01\/P1070664-1024x768.jpg\" alt=\"Suche\" width=\"100%\" height=\"100%\" srcset=\"https:\/\/www.roovers-rioolreiniging.nl\/de\/wp-content\/uploads\/2015\/01\/P1070664-1024x768.jpg 1024w, https:\/\/www.roovers-rioolreiniging.nl\/de\/wp-content\/uploads\/2015\/01\/P1070664-300x225.jpg 300w\" sizes=\"(max-width: 1024px) 100vw, 1024px\" \/><\/p>\n\n\t\t<\/div> \n\t<\/div> \n\t\t<\/div> \n\t<\/div> \n<\/div><div class=\"vc_row-full-width\"><\/div>\n","protected":false},"excerpt":{"rendered":"Uns wird oft erz\u00e4hlt, dass schlechte Luft aus der Absaugung oder Gestank aus einem Schrank kommt, dass Ratten beobachtet werden oder eine Undichtheit besteht. Unsere Monteure kontrollieren die Rohrleitung f\u00fcr Sie und suchen nach der Ursache. Aufgrund ihrer Sachkenntnis k\u00f6nnen sie Ihnen sagen, wo die Ursachen f\u00fcr diese Beschwerden liegen. Wir k\u00f6nnen auch bei der [...]","protected":false},"author":3,"featured_media":0,"parent":21,"menu_order":0,"comment_status":"open","ping_status":"open","template":"","meta":{"footnotes":""},"class_list":["post-407","page","type-page","status-publish","hentry"],"yoast_head":"<!-- This site is optimized with the Yoast SEO plugin v26.8 - https:\/\/yoast.com\/product\/yoast-seo-wordpress\/ -->\n<title>Suche - Roovers Rioolreiniging (DE)<\/title>\n<meta name=\"description\" content=\"Kanalarbeiten - Suche\" \/>\n<meta name=\"robots\" content=\"index, follow, max-snippet:-1, max-image-preview:large, max-video-preview:-1\" \/>\n<link rel=\"canonical\" href=\"https:\/\/www.roovers-rioolreiniging.nl\/de\/unsere-leistungen\/suche\/\" \/>\n<meta property=\"og:locale\" content=\"nl_NL\" \/>\n<meta property=\"og:type\" content=\"article\" \/>\n<meta property=\"og:title\" content=\"Suche - Roovers Rioolreiniging (DE)\" \/>\n<meta property=\"og:description\" content=\"Kanalarbeiten - Suche\" \/>\n<meta property=\"og:url\" content=\"https:\/\/www.roovers-rioolreiniging.nl\/de\/unsere-leistungen\/suche\/\" \/>\n<meta property=\"og:site_name\" content=\"Roovers Rioolreiniging (DE)\" \/>\n<meta property=\"article:modified_time\" content=\"2015-02-04T14:05:23+00:00\" \/>\n<meta property=\"og:image\" content=\"http:\/\/roovers-rioolreiniging.nl\/de\/wp-content\/uploads\/2015\/01\/P1070664-1024x768.jpg\" \/>\n<meta name=\"twitter:label1\" content=\"Geschatte leestijd\" \/>\n\t<meta name=\"twitter:data1\" content=\"1 minuut\" \/>\n<script type=\"application\/ld+json\" class=\"yoast-schema-graph\">{\"@context\":\"https:\/\/schema.org\",\"@graph\":[{\"@type\":\"WebPage\",\"@id\":\"https:\/\/www.roovers-rioolreiniging.nl\/de\/unsere-leistungen\/suche\/\",\"url\":\"https:\/\/www.roovers-rioolreiniging.nl\/de\/unsere-leistungen\/suche\/\",\"name\":\"Suche - Roovers Rioolreiniging (DE)\",\"isPartOf\":{\"@id\":\"https:\/\/www.roovers-rioolreiniging.nl\/de\/#website\"},\"primaryImageOfPage\":{\"@id\":\"https:\/\/www.roovers-rioolreiniging.nl\/de\/unsere-leistungen\/suche\/#primaryimage\"},\"image\":{\"@id\":\"https:\/\/www.roovers-rioolreiniging.nl\/de\/unsere-leistungen\/suche\/#primaryimage\"},\"thumbnailUrl\":\"http:\/\/roovers-rioolreiniging.nl\/de\/wp-content\/uploads\/2015\/01\/P1070664-1024x768.jpg\",\"datePublished\":\"2015-02-04T13:58:30+00:00\",\"dateModified\":\"2015-02-04T14:05:23+00:00\",\"description\":\"Kanalarbeiten - Suche\",\"breadcrumb\":{\"@id\":\"https:\/\/www.roovers-rioolreiniging.nl\/de\/unsere-leistungen\/suche\/#breadcrumb\"},\"inLanguage\":\"nl-NL\",\"potentialAction\":[{\"@type\":\"ReadAction\",\"target\":[\"https:\/\/www.roovers-rioolreiniging.nl\/de\/unsere-leistungen\/suche\/\"]}]},{\"@type\":\"ImageObject\",\"inLanguage\":\"nl-NL\",\"@id\":\"https:\/\/www.roovers-rioolreiniging.nl\/de\/unsere-leistungen\/suche\/#primaryimage\",\"url\":\"http:\/\/roovers-rioolreiniging.nl\/de\/wp-content\/uploads\/2015\/01\/P1070664-1024x768.jpg\",\"contentUrl\":\"http:\/\/roovers-rioolreiniging.nl\/de\/wp-content\/uploads\/2015\/01\/P1070664-1024x768.jpg\"},{\"@type\":\"BreadcrumbList\",\"@id\":\"https:\/\/www.roovers-rioolreiniging.nl\/de\/unsere-leistungen\/suche\/#breadcrumb\",\"itemListElement\":[{\"@type\":\"ListItem\",\"position\":1,\"name\":\"Home\",\"item\":\"https:\/\/www.roovers-rioolreiniging.nl\/de\/\"},{\"@type\":\"ListItem\",\"position\":2,\"name\":\"Unsere leistungen\",\"item\":\"https:\/\/www.roovers-rioolreiniging.nl\/de\/unsere-leistungen\/\"},{\"@type\":\"ListItem\",\"position\":3,\"name\":\"Suche\"}]},{\"@type\":\"WebSite\",\"@id\":\"https:\/\/www.roovers-rioolreiniging.nl\/de\/#website\",\"url\":\"https:\/\/www.roovers-rioolreiniging.nl\/de\/\",\"name\":\"Roovers Rioolreiniging (DE)\",\"description\":\"Kanalarbeiten\",\"potentialAction\":[{\"@type\":\"SearchAction\",\"target\":{\"@type\":\"EntryPoint\",\"urlTemplate\":\"https:\/\/www.roovers-rioolreiniging.nl\/de\/?s={search_term_string}\"},\"query-input\":{\"@type\":\"PropertyValueSpecification\",\"valueRequired\":true,\"valueName\":\"search_term_string\"}}],\"inLanguage\":\"nl-NL\"}]}<\/script>\n<!-- \/ Yoast SEO plugin. -->","yoast_head_json":{"title":"Suche - Roovers Rioolreiniging (DE)","description":"Kanalarbeiten - Suche","robots":{"index":"index","follow":"follow","max-snippet":"max-snippet:-1","max-image-preview":"max-image-preview:large","max-video-preview":"max-video-preview:-1"},"canonical":"https:\/\/www.roovers-rioolreiniging.nl\/de\/unsere-leistungen\/suche\/","og_locale":"nl_NL","og_type":"article","og_title":"Suche - Roovers Rioolreiniging (DE)","og_description":"Kanalarbeiten - Suche","og_url":"https:\/\/www.roovers-rioolreiniging.nl\/de\/unsere-leistungen\/suche\/","og_site_name":"Roovers Rioolreiniging (DE)","article_modified_time":"2015-02-04T14:05:23+00:00","og_image":[{"url":"http:\/\/roovers-rioolreiniging.nl\/de\/wp-content\/uploads\/2015\/01\/P1070664-1024x768.jpg","type":"","width":"","height":""}],"twitter_misc":{"Geschatte leestijd":"1 minuut"},"schema":{"@context":"https:\/\/schema.org","@graph":[{"@type":"WebPage","@id":"https:\/\/www.roovers-rioolreiniging.nl\/de\/unsere-leistungen\/suche\/","url":"https:\/\/www.roovers-rioolreiniging.nl\/de\/unsere-leistungen\/suche\/","name":"Suche - Roovers Rioolreiniging (DE)","isPartOf":{"@id":"https:\/\/www.roovers-rioolreiniging.nl\/de\/#website"},"primaryImageOfPage":{"@id":"https:\/\/www.roovers-rioolreiniging.nl\/de\/unsere-leistungen\/suche\/#primaryimage"},"image":{"@id":"https:\/\/www.roovers-rioolreiniging.nl\/de\/unsere-leistungen\/suche\/#primaryimage"},"thumbnailUrl":"http:\/\/roovers-rioolreiniging.nl\/de\/wp-content\/uploads\/2015\/01\/P1070664-1024x768.jpg","datePublished":"2015-02-04T13:58:30+00:00","dateModified":"2015-02-04T14:05:23+00:00","description":"Kanalarbeiten - Suche","breadcrumb":{"@id":"https:\/\/www.roovers-rioolreiniging.nl\/de\/unsere-leistungen\/suche\/#breadcrumb"},"inLanguage":"nl-NL","potentialAction":[{"@type":"ReadAction","target":["https:\/\/www.roovers-rioolreiniging.nl\/de\/unsere-leistungen\/suche\/"]}]},{"@type":"ImageObject","inLanguage":"nl-NL","@id":"https:\/\/www.roovers-rioolreiniging.nl\/de\/unsere-leistungen\/suche\/#primaryimage","url":"http:\/\/roovers-rioolreiniging.nl\/de\/wp-content\/uploads\/2015\/01\/P1070664-1024x768.jpg","contentUrl":"http:\/\/roovers-rioolreiniging.nl\/de\/wp-content\/uploads\/2015\/01\/P1070664-1024x768.jpg"},{"@type":"BreadcrumbList","@id":"https:\/\/www.roovers-rioolreiniging.nl\/de\/unsere-leistungen\/suche\/#breadcrumb","itemListElement":[{"@type":"ListItem","position":1,"name":"Home","item":"https:\/\/www.roovers-rioolreiniging.nl\/de\/"},{"@type":"ListItem","position":2,"name":"Unsere leistungen","item":"https:\/\/www.roovers-rioolreiniging.nl\/de\/unsere-leistungen\/"},{"@type":"ListItem","position":3,"name":"Suche"}]},{"@type":"WebSite","@id":"https:\/\/www.roovers-rioolreiniging.nl\/de\/#website","url":"https:\/\/www.roovers-rioolreiniging.nl\/de\/","name":"Roovers Rioolreiniging (DE)","description":"Kanalarbeiten","potentialAction":[{"@type":"SearchAction","target":{"@type":"EntryPoint","urlTemplate":"https:\/\/www.roovers-rioolreiniging.nl\/de\/?s={search_term_string}"},"query-input":{"@type":"PropertyValueSpecification","valueRequired":true,"valueName":"search_term_string"}}],"inLanguage":"nl-NL"}]}},"_links":{"self":[{"href":"https:\/\/www.roovers-rioolreiniging.nl\/de\/wp-json\/wp\/v2\/pages\/407","targetHints":{"allow":["GET"]}}],"collection":[{"href":"https:\/\/www.roovers-rioolreiniging.nl\/de\/wp-json\/wp\/v2\/pages"}],"about":[{"href":"https:\/\/www.roovers-rioolreiniging.nl\/de\/wp-json\/wp\/v2\/types\/page"}],"author":[{"embeddable":true,"href":"https:\/\/www.roovers-rioolreiniging.nl\/de\/wp-json\/wp\/v2\/users\/3"}],"replies":[{"embeddable":true,"href":"https:\/\/www.roovers-rioolreiniging.nl\/de\/wp-json\/wp\/v2\/comments?post=407"}],"version-history":[{"count":2,"href":"https:\/\/www.roovers-rioolreiniging.nl\/de\/wp-json\/wp\/v2\/pages\/407\/revisions"}],"predecessor-version":[{"id":409,"href":"https:\/\/www.roovers-rioolreiniging.nl\/de\/wp-json\/wp\/v2\/pages\/407\/revisions\/409"}],"up":[{"embeddable":true,"href":"https:\/\/www.roovers-rioolreiniging.nl\/de\/wp-json\/wp\/v2\/pages\/21"}],"wp:attachment":[{"href":"https:\/\/www.roovers-rioolreiniging.nl\/de\/wp-json\/wp\/v2\/media?parent=407"}],"curies":[{"name":"wp","href":"https:\/\/api.w.org\/{rel}","templated":true}]}}